{"id":2888,"date":"2017-12-17T06:31:19","date_gmt":"2017-12-17T06:31:19","guid":{"rendered":"https:\/\/montaleparfums.com.tn\/index.php\/home\/"},"modified":"2025-03-05T09:00:15","modified_gmt":"2025-03-05T08:00:15","slug":"home","status":"publish","type":"page","link":"https:\/\/montaleparfums.com.tn\/","title":{"rendered":"Home"},"content":{"rendered":"\t\t<div data-elementor-type=\"wp-page\" data-elementor-id=\"2888\" class=\"elementor elementor-2888\">\n\t\t\t\t\t\t<section class=\"elementor-section elementor-top-section elementor-element elementor-element-5ffd1adc elementor-section-height-min-height elementor-section-boxed elementor-section-height-default elementor-section-items-middle\" data-id=\"5ffd1adc\" data-element_type=\"section\" data-settings=\"{&quot;background_background&quot;:&quot;classic&quot;}\">\n\t\t\t\t\t\t\t<div class=\"elementor-background-overlay\"><\/div>\n\t\t\t\t\t\t\t<div class=\"elementor-container elementor-column-gap-default\">\n\t\t\t\t\t<div class=\"elementor-column elementor-col-100 elementor-top-column elementor-element elementor-element-a512ebe\" data-id=\"a512ebe\" data-element_type=\"column\">\n\t\t\t<div class=\"elementor-widget-wrap\">\n\t\t\t\t\t\t\t<\/div>\n\t\t<\/div>\n\t\t\t\t\t<\/div>\n\t\t<\/section>\n\t\t\t\t<section class=\"elementor-section elementor-top-section elementor-element elementor-element-7e325fa elementor-section-height-min-height elementor-section-boxed elementor-section-height-default elementor-section-items-middle\" data-id=\"7e325fa\" data-element_type=\"section\" data-settings=\"{&quot;background_background&quot;:&quot;gradient&quot;}\">\n\t\t\t\t\t\t<div class=\"elementor-container elementor-column-gap-default\">\n\t\t\t\t\t<div class=\"elementor-column elementor-col-100 elementor-top-column elementor-element elementor-element-b1798ad\" data-id=\"b1798ad\" data-element_type=\"column\">\n\t\t\t<div class=\"elementor-widget-wrap elementor-element-populated\">\n\t\t\t\t\t\t<div class=\"elementor-element elementor-element-d5a0fba elementor-align-center elementor-widget elementor-widget-button\" data-id=\"d5a0fba\" data-element_type=\"widget\" data-widget_type=\"button.default\">\n\t\t\t\t<div class=\"elementor-widget-container\">\n\t\t\t\t\t\t\t\t\t<div class=\"elementor-button-wrapper\">\n\t\t\t\t\t<a class=\"elementor-button elementor-button-link elementor-size-md\" href=\"https:\/\/www.instagram.com\/montaleparfumstn\/\">\n\t\t\t\t\t\t<span class=\"elementor-button-content-wrapper\">\n\t\t\t\t\t\t<span class=\"elementor-button-icon\">\n\t\t\t\t<i aria-hidden=\"true\" class=\"fab fa-instagram\"><\/i>\t\t\t<\/span>\n\t\t\t\t\t\t\t\t\t<span class=\"elementor-button-text\">Suivez-nous sur instagram<\/span>\n\t\t\t\t\t<\/span>\n\t\t\t\t\t<\/a>\n\t\t\t\t<\/div>\n\t\t\t\t\t\t\t\t<\/div>\n\t\t\t\t<\/div>\n\t\t\t\t\t<\/div>\n\t\t<\/div>\n\t\t\t\t\t<\/div>\n\t\t<\/section>\n\t\t\t\t<section class=\"elementor-section elementor-top-section elementor-element elementor-element-d399302 elementor-section-full_width elementor-section-height-default elementor-section-height-default\" data-id=\"d399302\" data-element_type=\"section\">\n\t\t\t\t\t\t<div class=\"elementor-container elementor-column-gap-no\">\n\t\t\t\t\t<div class=\"elementor-column elementor-col-100 elementor-top-column elementor-element elementor-element-02a7b72\" data-id=\"02a7b72\" data-element_type=\"column\">\n\t\t\t<div class=\"elementor-widget-wrap elementor-element-populated\">\n\t\t\t\t\t\t<div class=\"elementor-element elementor-element-991f375 elementor-widget elementor-widget-image\" data-id=\"991f375\" data-element_type=\"widget\" data-widget_type=\"image.default\">\n\t\t\t\t<div class=\"elementor-widget-container\">\n\t\t\t\t\t\t\t\t\t\t\t\t\t\t\t<img fetchpriority=\"high\" decoding=\"async\" width=\"2560\" height=\"587\" src=\"https:\/\/montaleparfums.com.tn\/wp-content\/uploads\/2022\/09\/bandeau-scaled.jpg\" class=\"attachment-full size-full wp-image-4147\" alt=\"\" srcset=\"https:\/\/montaleparfums.com.tn\/wp-content\/uploads\/2022\/09\/bandeau-scaled.jpg 2560w, https:\/\/montaleparfums.com.tn\/wp-content\/uploads\/2022\/09\/bandeau-300x69.jpg 300w, https:\/\/montaleparfums.com.tn\/wp-content\/uploads\/2022\/09\/bandeau-scaled-600x138.jpg 600w, https:\/\/montaleparfums.com.tn\/wp-content\/uploads\/2022\/09\/bandeau-1024x235.jpg 1024w, https:\/\/montaleparfums.com.tn\/wp-content\/uploads\/2022\/09\/bandeau-768x176.jpg 768w, https:\/\/montaleparfums.com.tn\/wp-content\/uploads\/2022\/09\/bandeau-1536x352.jpg 1536w, https:\/\/montaleparfums.com.tn\/wp-content\/uploads\/2022\/09\/bandeau-2048x470.jpg 2048w\" sizes=\"(max-width: 2560px) 100vw, 2560px\" \/>\t\t\t\t\t\t\t\t\t\t\t\t\t\t\t<\/div>\n\t\t\t\t<\/div>\n\t\t\t\t\t<\/div>\n\t\t<\/div>\n\t\t\t\t\t<\/div>\n\t\t<\/section>\n\t\t\t\t<section class=\"elementor-section elementor-top-section elementor-element elementor-element-c8b8636 elementor-section-boxed elementor-section-height-default elementor-section-height-default\" data-id=\"c8b8636\" data-element_type=\"section\">\n\t\t\t\t\t\t<div class=\"elementor-container elementor-column-gap-default\">\n\t\t\t\t\t<div class=\"elementor-column elementor-col-100 elementor-top-column elementor-element elementor-element-b936042\" data-id=\"b936042\" data-element_type=\"column\">\n\t\t\t<div class=\"elementor-widget-wrap elementor-element-populated\">\n\t\t\t\t\t\t<div class=\"elementor-element elementor-element-3f249d1 elementor-widget elementor-widget-heading\" data-id=\"3f249d1\" data-element_type=\"widget\" data-widget_type=\"heading.default\">\n\t\t\t\t<div class=\"elementor-widget-container\">\n\t\t\t\t\t<h2 class=\"elementor-heading-title elementor-size-default\"><span class=\"section-title\" style=\"white-space: normal;margin: 0px auto;font-family: Muli, Arial, sans-serif;font-weight: 400;line-height: 1.2;font-size: 1.875rem;text-transform: uppercase;text-align: center\"><div class=\"font-extra-light\" style=\"display: inline-block\">D\u00c9COUVREZ LES<\/div>&nbsp;<div class=\"strong\" style=\"font-weight: 700;display: inline-block\">UNIVERS MONTALE<\/div><\/span><\/h2>\t\t\t\t<\/div>\n\t\t\t\t<\/div>\n\t\t\t\t\t<\/div>\n\t\t<\/div>\n\t\t\t\t\t<\/div>\n\t\t<\/section>\n\t\t\t\t<section class=\"elementor-section elementor-top-section elementor-element elementor-element-aaa7c77 elementor-section-boxed elementor-section-height-default elementor-section-height-default\" data-id=\"aaa7c77\" data-element_type=\"section\">\n\t\t\t\t\t\t<div class=\"elementor-container elementor-column-gap-default\">\n\t\t\t\t\t<div class=\"elementor-column elementor-col-100 elementor-top-column elementor-element elementor-element-bc0a05a\" data-id=\"bc0a05a\" data-element_type=\"column\">\n\t\t\t<div class=\"elementor-widget-wrap elementor-element-populated\">\n\t\t\t\t\t\t<div class=\"elementor-element elementor-element-a1dfbae elementor-widget elementor-widget-shortcode\" data-id=\"a1dfbae\" data-element_type=\"widget\" data-widget_type=\"shortcode.default\">\n\t\t\t\t<div class=\"elementor-widget-container\">\n\t\t\t\t\t\t\t<div class=\"elementor-shortcode\">[woo_category_slider id='4141']<\/div>\n\t\t\t\t\t\t<\/div>\n\t\t\t\t<\/div>\n\t\t\t\t\t<\/div>\n\t\t<\/div>\n\t\t\t\t\t<\/div>\n\t\t<\/section>\n\t\t\t\t<section class=\"elementor-section elementor-top-section elementor-element elementor-element-2afe0c24 elementor-section-content-middle elementor-section-boxed elementor-section-height-default elementor-section-height-default\" data-id=\"2afe0c24\" data-element_type=\"section\" data-settings=\"{&quot;background_background&quot;:&quot;classic&quot;}\">\n\t\t\t\t\t\t<div class=\"elementor-container elementor-column-gap-default\">\n\t\t\t\t\t<div class=\"elementor-column elementor-col-100 elementor-top-column elementor-element elementor-element-532eb909\" data-id=\"532eb909\" data-element_type=\"column\">\n\t\t\t<div class=\"elementor-widget-wrap elementor-element-populated\">\n\t\t\t\t\t\t<div class=\"elementor-element elementor-element-36b43d4e elementor-widget elementor-widget-heading\" data-id=\"36b43d4e\" data-element_type=\"widget\" data-widget_type=\"heading.default\">\n\t\t\t\t<div class=\"elementor-widget-container\">\n\t\t\t\t\t<h2 class=\"elementor-heading-title elementor-size-default\">Featured Products<\/h2>\t\t\t\t<\/div>\n\t\t\t\t<\/div>\n\t\t\t\t<div class=\"elementor-element elementor-element-f6943a6 elementor-widget-divider--view-line elementor-widget elementor-widget-divider\" data-id=\"f6943a6\" data-element_type=\"widget\" data-widget_type=\"divider.default\">\n\t\t\t\t<div class=\"elementor-widget-container\">\n\t\t\t\t\t\t\t<div class=\"elementor-divider\">\n\t\t\t<span class=\"elementor-divider-separator\">\n\t\t\t\t\t\t<\/span>\n\t\t<\/div>\n\t\t\t\t\t\t<\/div>\n\t\t\t\t<\/div>\n\t\t\t\t<div class=\"elementor-element elementor-element-440e40f8 elementor-widget elementor-widget-shortcode\" data-id=\"440e40f8\" data-element_type=\"widget\" data-widget_type=\"shortcode.default\">\n\t\t\t\t<div class=\"elementor-widget-container\">\n\t\t\t\t\t\t\t<div class=\"elementor-shortcode\"><div class=\"woocommerce columns-5 \"><ul class=\"products columns-5\">\n<li class=\"desktop-align-left tablet-align-left mobile-align-left product type-product post-4293 status-publish first instock product_cat-bois product_cat-oud has-post-thumbnail featured shipping-taxable purchasable product-type-variable\">\n\t<a href=\"https:\/\/montaleparfums.com.tn\/index.php\/produit\/aoud-lime\/\" class=\"woocommerce-LoopProduct-link woocommerce-loop-product__link\"><img decoding=\"async\" width=\"255\" height=\"425\" src=\"https:\/\/montaleparfums.com.tn\/wp-content\/uploads\/2022\/09\/aoud-lime.png\" class=\"attachment-woocommerce_thumbnail size-woocommerce_thumbnail\" alt=\"\" srcset=\"https:\/\/montaleparfums.com.tn\/wp-content\/uploads\/2022\/09\/aoud-lime.png 255w, https:\/\/montaleparfums.com.tn\/wp-content\/uploads\/2022\/09\/aoud-lime-180x300.png 180w\" sizes=\"(max-width: 255px) 100vw, 255px\" \/><h2 class=\"woocommerce-loop-product__title\">Aoud Lime<\/h2><div class=\"star-rating\"><span style=\"width:0%\">Note <strong class=\"rating\">0<\/strong> sur 5<\/span><\/div>\n\t<span class=\"price\"><span class=\"woocommerce-Price-amount amount\"><bdi><span class=\"woocommerce-Price-currencySymbol\">&#x62f;.&#x62a;<\/span>&nbsp;450,000<\/bdi><\/span><\/span>\n<\/a><a href=\"https:\/\/montaleparfums.com.tn\/index.php\/produit\/aoud-lime\/\" aria-describedby=\"woocommerce_loop_add_to_cart_link_describedby_4293\" data-quantity=\"1\" class=\"button product_type_variable add_to_cart_button cfvsw_ajax_add_to_cart\" data-product_id=\"4293\" data-product_sku=\"\" aria-label=\"S\u00e9lectionner les options pour &ldquo;Aoud Lime&rdquo;\" rel=\"nofollow\" data-add_to_cart_text=\"Add to Cart\" data-select_options_text=\"Choix des options\">Choix des options<\/a>\t<span id=\"woocommerce_loop_add_to_cart_link_describedby_4293\" class=\"screen-reader-text\">\n\t\tCe produit a plusieurs variations. Les options peuvent \u00eatre choisies sur la page du produit\t<\/span>\n<\/li>\n<li class=\"desktop-align-left tablet-align-left mobile-align-left product type-product post-4156 status-publish outofstock product_cat-oud has-post-thumbnail featured shipping-taxable product-type-variable\">\n\t<a href=\"https:\/\/montaleparfums.com.tn\/index.php\/produit\/aoud-forest\/\" class=\"woocommerce-LoopProduct-link woocommerce-loop-product__link\"><img decoding=\"async\" width=\"255\" height=\"425\" src=\"https:\/\/montaleparfums.com.tn\/wp-content\/uploads\/2022\/09\/aoud-forest.png\" class=\"attachment-woocommerce_thumbnail size-woocommerce_thumbnail\" alt=\"aoud-forest\" srcset=\"https:\/\/montaleparfums.com.tn\/wp-content\/uploads\/2022\/09\/aoud-forest.png 255w, https:\/\/montaleparfums.com.tn\/wp-content\/uploads\/2022\/09\/aoud-forest-180x300.png 180w\" sizes=\"(max-width: 255px) 100vw, 255px\" \/><h2 class=\"woocommerce-loop-product__title\">Aoud Forest<\/h2><div class=\"star-rating\"><span style=\"width:0%\">Note <strong class=\"rating\">0<\/strong> sur 5<\/span><\/div>\n\t<span class=\"price\"><span class=\"woocommerce-Price-amount amount\"><bdi><span class=\"woocommerce-Price-currencySymbol\">&#x62f;.&#x62a;<\/span>&nbsp;250,000<\/bdi><\/span> &ndash; <span class=\"woocommerce-Price-amount amount\"><bdi><span class=\"woocommerce-Price-currencySymbol\">&#x62f;.&#x62a;<\/span>&nbsp;450,000<\/bdi><\/span><\/span>\n<\/a><a href=\"https:\/\/montaleparfums.com.tn\/index.php\/produit\/aoud-forest\/\" aria-describedby=\"woocommerce_loop_add_to_cart_link_describedby_4156\" data-quantity=\"1\" class=\"button product_type_variable cfvsw_ajax_add_to_cart\" data-product_id=\"4156\" data-product_sku=\"\" aria-label=\"S\u00e9lectionner les options pour &ldquo;Aoud Forest&rdquo;\" rel=\"nofollow\" data-add_to_cart_text=\"Add to Cart\" data-select_options_text=\"Lire la suite\">Lire la suite<\/a>\t<span id=\"woocommerce_loop_add_to_cart_link_describedby_4156\" class=\"screen-reader-text\">\n\t\t\t<\/span>\n<\/li>\n<li class=\"desktop-align-left tablet-align-left mobile-align-left product type-product post-4097 status-publish outofstock product_cat-oud has-post-thumbnail featured shipping-taxable product-type-variable\">\n\t<a href=\"https:\/\/montaleparfums.com.tn\/index.php\/produit\/aoud-damascus\/\" class=\"woocommerce-LoopProduct-link woocommerce-loop-product__link\"><img loading=\"lazy\" decoding=\"async\" width=\"255\" height=\"425\" src=\"https:\/\/montaleparfums.com.tn\/wp-content\/uploads\/2022\/09\/aoud-damascus.png\" class=\"attachment-woocommerce_thumbnail size-woocommerce_thumbnail\" alt=\"aoud-damascus\" srcset=\"https:\/\/montaleparfums.com.tn\/wp-content\/uploads\/2022\/09\/aoud-damascus.png 255w, https:\/\/montaleparfums.com.tn\/wp-content\/uploads\/2022\/09\/aoud-damascus-180x300.png 180w\" sizes=\"(max-width: 255px) 100vw, 255px\" \/><h2 class=\"woocommerce-loop-product__title\">Aoud Damascus<\/h2><div class=\"star-rating\"><span style=\"width:0%\">Note <strong class=\"rating\">0<\/strong> sur 5<\/span><\/div>\n\t<span class=\"price\"><span class=\"woocommerce-Price-amount amount\"><bdi><span class=\"woocommerce-Price-currencySymbol\">&#x62f;.&#x62a;<\/span>&nbsp;20,000<\/bdi><\/span> &ndash; <span class=\"woocommerce-Price-amount amount\"><bdi><span class=\"woocommerce-Price-currencySymbol\">&#x62f;.&#x62a;<\/span>&nbsp;450,000<\/bdi><\/span><\/span>\n<\/a><a href=\"https:\/\/montaleparfums.com.tn\/index.php\/produit\/aoud-damascus\/\" aria-describedby=\"woocommerce_loop_add_to_cart_link_describedby_4097\" data-quantity=\"1\" class=\"button product_type_variable cfvsw_ajax_add_to_cart\" data-product_id=\"4097\" data-product_sku=\"\" aria-label=\"S\u00e9lectionner les options pour &ldquo;Aoud Damascus&rdquo;\" rel=\"nofollow\" data-add_to_cart_text=\"Add to Cart\" data-select_options_text=\"Lire la suite\">Lire la suite<\/a>\t<span id=\"woocommerce_loop_add_to_cart_link_describedby_4097\" class=\"screen-reader-text\">\n\t\t\t<\/span>\n<\/li>\n<\/ul>\n<\/div><\/div>\n\t\t\t\t\t\t<\/div>\n\t\t\t\t<\/div>\n\t\t\t\t\t<\/div>\n\t\t<\/div>\n\t\t\t\t\t<\/div>\n\t\t<\/section>\n\t\t\t\t<section class=\"elementor-section elementor-top-section elementor-element elementor-element-a033df5 elementor-section-boxed elementor-section-height-default elementor-section-height-default\" data-id=\"a033df5\" data-element_type=\"section\" data-settings=\"{&quot;background_background&quot;:&quot;gradient&quot;}\">\n\t\t\t\t\t\t<div class=\"elementor-container elementor-column-gap-default\">\n\t\t\t\t\t<div class=\"elementor-column elementor-col-25 elementor-top-column elementor-element elementor-element-48a9c6d1\" data-id=\"48a9c6d1\" data-element_type=\"column\">\n\t\t\t<div class=\"elementor-widget-wrap elementor-element-populated\">\n\t\t\t\t\t\t<div class=\"elementor-element elementor-element-6921e357 elementor-position-top elementor-widget elementor-widget-image-box\" data-id=\"6921e357\" data-element_type=\"widget\" data-widget_type=\"image-box.default\">\n\t\t\t\t<div class=\"elementor-widget-container\">\n\t\t\t\t\t<div class=\"elementor-image-box-wrapper\"><figure class=\"elementor-image-box-img\"><img loading=\"lazy\" decoding=\"async\" width=\"512\" height=\"512\" src=\"https:\/\/montaleparfums.com.tn\/wp-content\/uploads\/2022\/09\/cropped-montale-parfums-tn-logo.png\" class=\"attachment-full size-full wp-image-3934\" alt=\"\" srcset=\"https:\/\/montaleparfums.com.tn\/wp-content\/uploads\/2022\/09\/cropped-montale-parfums-tn-logo.png 512w, https:\/\/montaleparfums.com.tn\/wp-content\/uploads\/2022\/09\/cropped-montale-parfums-tn-logo-300x300.png 300w, https:\/\/montaleparfums.com.tn\/wp-content\/uploads\/2022\/09\/cropped-montale-parfums-tn-logo-150x150.png 150w, https:\/\/montaleparfums.com.tn\/wp-content\/uploads\/2022\/09\/cropped-montale-parfums-tn-logo-100x100.png 100w, https:\/\/montaleparfums.com.tn\/wp-content\/uploads\/2022\/09\/cropped-montale-parfums-tn-logo-270x270.png 270w, https:\/\/montaleparfums.com.tn\/wp-content\/uploads\/2022\/09\/cropped-montale-parfums-tn-logo-192x192.png 192w, https:\/\/montaleparfums.com.tn\/wp-content\/uploads\/2022\/09\/cropped-montale-parfums-tn-logo-180x180.png 180w, https:\/\/montaleparfums.com.tn\/wp-content\/uploads\/2022\/09\/cropped-montale-parfums-tn-logo-32x32.png 32w\" sizes=\"(max-width: 512px) 100vw, 512px\" \/><\/figure><div class=\"elementor-image-box-content\"><h5 class=\"elementor-image-box-title\">Produit authentique<\/h5><p class=\"elementor-image-box-description\">R\u00e9presentant officiel de Montale Parfums<\/p><\/div><\/div>\t\t\t\t<\/div>\n\t\t\t\t<\/div>\n\t\t\t\t\t<\/div>\n\t\t<\/div>\n\t\t\t\t<div class=\"elementor-column elementor-col-25 elementor-top-column elementor-element elementor-element-7ee9c7c7\" data-id=\"7ee9c7c7\" data-element_type=\"column\">\n\t\t\t<div class=\"elementor-widget-wrap elementor-element-populated\">\n\t\t\t\t\t\t<div class=\"elementor-element elementor-element-33251adf elementor-position-top elementor-widget elementor-widget-image-box\" data-id=\"33251adf\" data-element_type=\"widget\" data-widget_type=\"image-box.default\">\n\t\t\t\t<div class=\"elementor-widget-container\">\n\t\t\t\t\t<div class=\"elementor-image-box-wrapper\"><figure class=\"elementor-image-box-img\"><img loading=\"lazy\" decoding=\"async\" width=\"120\" height=\"120\" src=\"https:\/\/montaleparfums.com.tn\/wp-content\/uploads\/2018\/12\/quality-free-img.png\" class=\"attachment-full size-full wp-image-588\" alt=\"\" srcset=\"https:\/\/montaleparfums.com.tn\/wp-content\/uploads\/2018\/12\/quality-free-img.png 120w, https:\/\/montaleparfums.com.tn\/wp-content\/uploads\/2018\/12\/quality-free-img-100x100.png 100w\" sizes=\"(max-width: 120px) 100vw, 120px\" \/><\/figure><div class=\"elementor-image-box-content\"><h5 class=\"elementor-image-box-title\">Best Quality<\/h5><p class=\"elementor-image-box-description\">Nous garantissons la meilleur qualit\u00e9 pour nos produits<\/p><\/div><\/div>\t\t\t\t<\/div>\n\t\t\t\t<\/div>\n\t\t\t\t\t<\/div>\n\t\t<\/div>\n\t\t\t\t<div class=\"elementor-column elementor-col-25 elementor-top-column elementor-element elementor-element-25e6be85\" data-id=\"25e6be85\" data-element_type=\"column\">\n\t\t\t<div class=\"elementor-widget-wrap elementor-element-populated\">\n\t\t\t\t\t\t<div class=\"elementor-element elementor-element-4e2470c7 elementor-position-top elementor-widget elementor-widget-image-box\" data-id=\"4e2470c7\" data-element_type=\"widget\" data-widget_type=\"image-box.default\">\n\t\t\t\t<div class=\"elementor-widget-container\">\n\t\t\t\t\t<div class=\"elementor-image-box-wrapper\"><figure class=\"elementor-image-box-img\"><img loading=\"lazy\" decoding=\"async\" width=\"120\" height=\"120\" src=\"https:\/\/montaleparfums.com.tn\/wp-content\/uploads\/2018\/12\/tag-free-img.png\" class=\"attachment-full size-full wp-image-589\" alt=\"\" srcset=\"https:\/\/montaleparfums.com.tn\/wp-content\/uploads\/2018\/12\/tag-free-img.png 120w, https:\/\/montaleparfums.com.tn\/wp-content\/uploads\/2018\/12\/tag-free-img-100x100.png 100w\" sizes=\"(max-width: 120px) 100vw, 120px\" \/><\/figure><div class=\"elementor-image-box-content\"><h5 class=\"elementor-image-box-title\">Best Offers<\/h5><p class=\"elementor-image-box-description\">La meilleure offre garantie pour nos produits <\/p><\/div><\/div>\t\t\t\t<\/div>\n\t\t\t\t<\/div>\n\t\t\t\t\t<\/div>\n\t\t<\/div>\n\t\t\t\t<div class=\"elementor-column elementor-col-25 elementor-top-column elementor-element elementor-element-2f753ca1\" data-id=\"2f753ca1\" data-element_type=\"column\">\n\t\t\t<div class=\"elementor-widget-wrap elementor-element-populated\">\n\t\t\t\t\t\t<div class=\"elementor-element elementor-element-389a0832 elementor-position-top elementor-widget elementor-widget-image-box\" data-id=\"389a0832\" data-element_type=\"widget\" data-widget_type=\"image-box.default\">\n\t\t\t\t<div class=\"elementor-widget-container\">\n\t\t\t\t\t<div class=\"elementor-image-box-wrapper\"><figure class=\"elementor-image-box-img\"><img loading=\"lazy\" decoding=\"async\" width=\"120\" height=\"120\" src=\"https:\/\/montaleparfums.com.tn\/wp-content\/uploads\/2018\/12\/lock-free-img.png\" class=\"attachment-full size-full wp-image-587\" alt=\"\" srcset=\"https:\/\/montaleparfums.com.tn\/wp-content\/uploads\/2018\/12\/lock-free-img.png 120w, https:\/\/montaleparfums.com.tn\/wp-content\/uploads\/2018\/12\/lock-free-img-100x100.png 100w\" sizes=\"(max-width: 120px) 100vw, 120px\" \/><\/figure><div class=\"elementor-image-box-content\"><h5 class=\"elementor-image-box-title\">Secure Payments<\/h5><p class=\"elementor-image-box-description\">Commande en ligne et Livraison garantie<\/p><\/div><\/div>\t\t\t\t<\/div>\n\t\t\t\t<\/div>\n\t\t\t\t\t<\/div>\n\t\t<\/div>\n\t\t\t\t\t<\/div>\n\t\t<\/section>\n\t\t\t\t<\/div>\n\t\t","protected":false},"excerpt":{"rendered":"<p>Suivez-nous sur instagram D\u00c9COUVREZ LES&nbsp;UNIVERS MONTALE [woo_category_slider id=&rsquo;4141&prime;] Featured Products Produit authentique R\u00e9presentant officiel de Montale Parfums Best Quality Nous garantissons la meilleur qualit\u00e9 pour nos produits Best Offers La meilleure offre garantie pour nos produits Secure Payments Commande en ligne et Livraison garantie<\/p>\n","protected":false},"author":1,"featured_media":0,"parent":0,"menu_order":0,"comment_status":"closed","ping_status":"closed","template":"","meta":{"site-sidebar-layout":"no-sidebar","site-content-layout":"page-builder","ast-global-header-display":"","ast-main-header-display":"","ast-hfb-above-header-display":"","ast-hfb-below-header-display":"","ast-hfb-mobile-header-display":"","site-post-title":"disabled","ast-breadcrumbs-content":"","ast-featured-img":"disabled","footer-sml-layout":"","theme-transparent-header-meta":"enabled","adv-header-id-meta":"","stick-header-meta":"","header-above-stick-meta":"","header-main-stick-meta":"","header-below-stick-meta":"","footnotes":""},"class_list":["post-2888","page","type-page","status-publish","hentry"],"_links":{"self":[{"href":"https:\/\/montaleparfums.com.tn\/index.php\/wp-json\/wp\/v2\/pages\/2888","targetHints":{"allow":["GET"]}}],"collection":[{"href":"https:\/\/montaleparfums.com.tn\/index.php\/wp-json\/wp\/v2\/pages"}],"about":[{"href":"https:\/\/montaleparfums.com.tn\/index.php\/wp-json\/wp\/v2\/types\/page"}],"author":[{"embeddable":true,"href":"https:\/\/montaleparfums.com.tn\/index.php\/wp-json\/wp\/v2\/users\/1"}],"replies":[{"embeddable":true,"href":"https:\/\/montaleparfums.com.tn\/index.php\/wp-json\/wp\/v2\/comments?post=2888"}],"version-history":[{"count":107,"href":"https:\/\/montaleparfums.com.tn\/index.php\/wp-json\/wp\/v2\/pages\/2888\/revisions"}],"predecessor-version":[{"id":4736,"href":"https:\/\/montaleparfums.com.tn\/index.php\/wp-json\/wp\/v2\/pages\/2888\/revisions\/4736"}],"wp:attachment":[{"href":"https:\/\/montaleparfums.com.tn\/index.php\/wp-json\/wp\/v2\/media?parent=2888"}],"curies":[{"name":"wp","href":"https:\/\/api.w.org\/{rel}","templated":true}]}}