{"id":4581,"date":"2022-09-10T09:02:56","date_gmt":"2022-09-10T07:02:56","guid":{"rendered":"https:\/\/montaleparfums.com.tn\/?page_id=4581"},"modified":"2022-09-11T11:20:38","modified_gmt":"2022-09-11T09:20:38","slug":"politique-de-gestion-des-cookies","status":"publish","type":"page","link":"https:\/\/montaleparfums.com.tn\/index.php\/politique-de-gestion-des-cookies\/","title":{"rendered":"Politique de gestion des cookies"},"content":{"rendered":"\t\t<div data-elementor-type=\"wp-page\" data-elementor-id=\"4581\" class=\"elementor elementor-4581\">\n\t\t\t\t\t\t<section class=\"elementor-section elementor-top-section elementor-element elementor-element-d7dbe6b elementor-section-boxed elementor-section-height-default elementor-section-height-default\" data-id=\"d7dbe6b\" data-element_type=\"section\">\n\t\t\t\t\t\t<div class=\"elementor-container elementor-column-gap-default\">\n\t\t\t\t\t<div class=\"elementor-column elementor-col-100 elementor-top-column elementor-element elementor-element-479cad9\" data-id=\"479cad9\" data-element_type=\"column\">\n\t\t\t<div class=\"elementor-widget-wrap elementor-element-populated\">\n\t\t\t\t\t\t<div class=\"elementor-element elementor-element-35f5477 elementor-widget elementor-widget-text-editor\" data-id=\"35f5477\" data-element_type=\"widget\" data-widget_type=\"text-editor.default\">\n\t\t\t\t<div class=\"elementor-widget-container\">\n\t\t\t\t\t\t\t\t\t<h2 style=\"font-weight: 400; text-align: center;\"><strong>POLITIQUE DE GESTION DES COOKIES<\/strong><\/h2><p style=\"font-weight: 400;\">L\u2019objet de la Politique de gestion des cookies (la \u00ab\u00a0<strong>Politique<\/strong>\u00a0\u00bb) est de Vous informer sur les conditions de d\u00e9p\u00f4t et d\u2019utilisation des cookies sur Votre terminal de communications \u00e9lectroniques lors de la navigation sur le site internet\u00a0<u>https:\/\/montaleparfums.com<\/u><u>.tn<\/u><u>\/<\/u>\u00a0( \u00ab\u00a0<strong>Notre Site<\/strong>\u00a0\u00bb).<\/p><p style=\"font-weight: 400;\">Ainsi, l\u2019objectif de la Politique est de Vous fournir, en tant qu\u2019utilisateur, des renseignements clairs sur les cookies que Notre Site utilise, le r\u00f4le qu\u2019ils jouent pour Nous aider \u00e0 Vous fournir une exp\u00e9rience personnalis\u00e9e et la meilleure qu\u2019il soit possible. La pr\u00e9sente Politique Vous informe \u00e9galement des choix dont Vous disposez concernant le param\u00e8tre de ces cookies. Selon leur fonction et leur finalit\u00e9, les cookies peuvent \u00eatre soumis \u00e0 Votre consentement pr\u00e9alable. Conform\u00e9ment aux r\u00e8gles applicables, il Vous est donc possible de param\u00e9trer les cookies selon les modalit\u00e9s pr\u00e9vues \u00e0 l\u2019article 4 ci-apr\u00e8s.<\/p><p style=\"font-weight: 400;\">WORLD TRADE &amp; DISTRIBUTION (\u00ab\u00a0<strong>WTD<\/strong>\u00a0\u00bb) porte une attention particuli\u00e8re \u00e0 la protection de la vie priv\u00e9e des utilisateurs de Notre Site.<\/p><p style=\"font-weight: 400;\">D\u00e8s lors, Nous tenons \u00e0 Vous rappeler que WTD est soumise aux r\u00e8gles applicables en mati\u00e8re de protection des donn\u00e9es Personnelles, et, en particulier, le R\u00e8glement G\u00e9n\u00e9ral Europ\u00e9en sur la Protection des Donn\u00e9es Personnelles n\u00b02016\/679 du 27 avril 2016 (dit \u00ab\u00a0<strong>RGPD<\/strong>\u00a0\u00bb), ainsi que toutes les r\u00e8gles de droit national prises en application de celui-ci, \u00e0 titre subsidiaire.<\/p><ol><li style=\"font-weight: 400;\"><strong> Qu\u2019est-ce qu\u2019un cookie ?<\/strong><\/li><\/ol><p style=\"font-weight: 400;\">Un cookie est un petit fichier texte compos\u00e9 de lettres et de chiffres enregistr\u00e9 dans un espace d\u00e9di\u00e9 sur Votre appareil lorsque vous visitez un site web.<\/p><p style=\"font-weight: 400;\">Le cookie permet \u00e0 son \u00e9metteur de reconnaitre l\u2019appareil d\u2019un utilisateur et ainsi d\u2019en suivre l\u2019activit\u00e9.<\/p><p style=\"font-weight: 400;\">Le but de ces cookies est notamment de Vous permettre de naviguer efficacement entre les pages et de m\u00e9moriser Vos pr\u00e9f\u00e9rences afin d\u2019am\u00e9liorer Votre exp\u00e9rience utilisateur.<\/p><p style=\"font-weight: 400;\">Les cookies ne permettent pas d\u2019identifier directement un utilisateur, mais identifient un navigateur ou un terminal.<\/p><ol start=\"2\"><li style=\"font-weight: 400;\"><strong> Qui sont les \u00e9metteurs des cookies ?<\/strong><\/li><\/ol><p style=\"font-weight: 400;\">WTD d\u00e9pose sur Votre terminal plusieurs types de cookies lorsque Vous Vous connectez \u00e0 Notre Site.<br \/>Ces cookies sont les suivants :<\/p><ul><li>Cookies techniques n\u00e9cessaires au fonctionnement de Notre Site ;<\/li><li>Cookies ayant pour finalit\u00e9 la personnalisation de Votre exp\u00e9rience sur Notre Site ;<\/li><li>Cookies de mesure d\u2019audience ;<\/li><li>Cookies tiers ou de partage ;<\/li><li>Cookies \u00e0 usage publicitaire ;<\/li><\/ul><p style=\"font-weight: 400;\">Les partenaires de WTD peuvent \u00e9galement d\u00e9poser des cookies sur Votre terminal. Il s\u2019agit de cookies tiers ou de partage, d\u00e9pos\u00e9s par des soci\u00e9t\u00e9s tierces.<\/p><ol start=\"3\"><li style=\"font-weight: 400;\"><strong> Les diff\u00e9rents types de cookies utilis\u00e9s par WTD<\/strong><\/li><li style=\"font-weight: 400;\"><strong> Les cookies techniques n\u00e9cessaires au fonctionnement de Notre Site<\/strong><\/li><\/ol><p style=\"font-weight: 400;\">Les cookies techniques n\u00e9cessaires au fonctionnement de Notre Site sont des cookies indispensables \u00e0 son bon fonctionnement et \u00e0 l&rsquo;am\u00e9lioration de ses fonctionnalit\u00e9s et de ses performances. Il s\u2019agit en effet de cookies strictement n\u00e9cessaires \u00e0 la fourniture du service de communication en ligne qui am\u00e9liore l\u2019utilisation et la performance de Notre Site et sans lequel il ne peut \u00eatre utilis\u00e9 de mani\u00e8re fonctionnelle.<\/p><p style=\"font-weight: 400;\">Ces cookies ne sont pas utilis\u00e9s \u00e0 d&rsquo;autres fins et sont g\u00e9r\u00e9s directement par WTD.<\/p><p style=\"font-weight: 400;\">Ces cookies sont utilis\u00e9s sans Votre consentement pr\u00e9alable conform\u00e9ment \u00e0 la l\u00e9gislation en vigueur. Si vous le souhaitez, ils peuvent toutefois \u00eatre d\u00e9sactiv\u00e9s selon les modalit\u00e9s ci-dessous, \u00e9tant pr\u00e9cis\u00e9 que leur d\u00e9sactivation pourra entra\u00eener des difficult\u00e9s dans l\u2019utilisation et la navigation de Notre Site et sera susceptible d\u2019emp\u00eacher l\u2019acc\u00e8s \u00e0 certaines fonctionnalit\u00e9s.<\/p><p style=\"font-weight: 400;\">Lorsque Vous passez une commande sur Notre Site, selon le moyen de paiement que vous choisissez, un certain nombre de cookies techniques tiers sont \u00e9galement utilis\u00e9s.<br \/>Ces cookies sont utilis\u00e9s pour proc\u00e9der \u00e0 Votre paiement en toute s\u00e9curit\u00e9 et proviennent, selon le mode de paiement choisi.<\/p><p style=\"font-weight: 400;\">Lorsque vous cr\u00e9ez un compte, les services d\u00e9posant des cookies techniques utilis\u00e9s par Notre Site sont :<\/p><ul><li>Google ReCaptcha \u2013 Voir la\u00a0<a href=\"https:\/\/policies.google.com\/technologies\/types?hl=fr\">Politique de cookies Google<\/a><\/li><\/ul><ol><li style=\"font-weight: 400;\"><strong> Les cookies pour personnalisation de Votre exp\u00e9rience sur Notre Site<\/strong><\/li><\/ol><p style=\"font-weight: 400;\">Les cookies pour personnalisation de Votre exp\u00e9rience Vous permettent de naviguer sur Notre Site selon un ensemble de crit\u00e8res s\u00e9lectionn\u00e9s et m\u00e9moris\u00e9s (par exemple, la langue, les polices de caract\u00e8res, le type de navigateur) afin d&rsquo;am\u00e9liorer le service fourni et de personnaliser Votre exp\u00e9rience sur le Site. Ce type de cookie est \u00e9galement utilis\u00e9 pour stocker la d\u00e9cision d&rsquo;un utilisateur sur l&rsquo;utilisation de cookies sur Notre Site.<\/p><p style=\"font-weight: 400;\">WTD utilise ces cookies \u00e9galement pour :<\/p><ul><li>se souvenir d\u2019informations que Vous avez ins\u00e9r\u00e9es dans des formulaires lorsque Vous naviguez sur les diff\u00e9rentes pages au sein de la m\u00eame session de navigation ;<\/li><li>se souvenir de Vos pr\u00e9f\u00e9rences au-del\u00e0 de Votre session actuelle ;<\/li><li>se souvenir des produits dans le panier d\u2019achat.<\/li><\/ul><p style=\"font-weight: 400;\">Ces cookies ne sont pas utilis\u00e9s pour collecter de l\u2019information pouvant \u00eatre utilis\u00e9e pour vous fournir de la publicit\u00e9 de produits ou services.<\/p><p style=\"font-weight: 400;\">Ces cookies sont utilis\u00e9s sans Votre consentement pr\u00e9alable conform\u00e9ment \u00e0 la l\u00e9gislation en vigueur. Si vous le souhaitez, ils peuvent toutefois \u00eatre d\u00e9sactiv\u00e9s selon les modalit\u00e9s ci-dessous, \u00e9tant pr\u00e9cis\u00e9 que leur d\u00e9sactivation pourra entra\u00eener des difficult\u00e9s dans l\u2019utilisation et la navigation de Notre Site et sera susceptible d\u2019emp\u00eacher l\u2019acc\u00e8s \u00e0 certaines fonctionnalit\u00e9s.<\/p><ol><li style=\"font-weight: 400;\"><strong> Les cookies de mesure d\u2019audience<\/strong><\/li><\/ol><p style=\"font-weight: 400;\">Les cookies de mesure d\u2019audience sont n\u00e9cessaires pour mesurer l&rsquo;audience de Notre Site ou bien de tester des versions diff\u00e9rentes afin d&rsquo;optimiser ses choix \u00e9ditoriaux en fonction de leurs performances respectives. Ces cookies n\u00e9cessaires permettent aussi d\u2019identifier et de r\u00e9soudre les probl\u00e8mes inh\u00e9rents au fonctionnement de Notre Site et de l\u2019am\u00e9liorer par le biais de la collecte d\u2019informations, sous forme agr\u00e9g\u00e9e et anonyme, relatives au nombre d&rsquo;utilisateurs et du type d\u2019utilisation qu&rsquo;ils font de Notre Site (par exemple, les informations sur les pages ou les sections de pages les plus consult\u00e9es et les rapports de dysfonctionnements des pages sont re\u00e7us).<\/p><p style=\"font-weight: 400;\">Toutes les informations collect\u00e9es par ce type de cookie sont agr\u00e9g\u00e9es et donc anonymes.<\/p><p style=\"font-weight: 400;\">Les informations collect\u00e9es par l\u2019interm\u00e9diaire de ces traceurs sont conserv\u00e9es pour une dur\u00e9e maximale de 25 mois.<\/p><p style=\"font-weight: 400;\">Ces cookies sont utilis\u00e9s sans Votre consentement pr\u00e9alable conform\u00e9ment \u00e0 la l\u00e9gislation en vigueur. Si vous le souhaitez, ils peuvent toutefois \u00eatre d\u00e9sactiv\u00e9s selon les modalit\u00e9s ci-dessous, \u00e9tant pr\u00e9cis\u00e9 que leur d\u00e9sactivation pourra entra\u00eener des difficult\u00e9s dans l\u2019utilisation et la navigation de Notre Site et sera susceptible d\u2019emp\u00eacher l\u2019acc\u00e8s \u00e0 certaines fonctionnalit\u00e9s.<\/p><p style=\"font-weight: 400;\">Les services d\u00e9posant des cookies de mesure d\u2019audience utilis\u00e9s par Notre Site sont :<\/p><ul><li>Google Analytics \u2013 Voir la\u00a0<a href=\"https:\/\/policies.google.com\/technologies\/types?hl=fr\">Politique de cookies Google<\/a><\/li><li>Pixel Facebook \u2013 Voir la\u00a0<a href=\"https:\/\/m.facebook.com\/policies\/cookies\/?locale=fr_FR\">Politique de cookies Facebook<\/a><\/li><\/ul><ol><li style=\"font-weight: 400;\"><strong> Les cookies tiers ou cookies de partage<\/strong><\/li><\/ol><p style=\"font-weight: 400;\">Notre Site peut \u00e9galement impliquer l\u2019utilisation de cookies de partage ou cookies tiers pour fournir des services cibl\u00e9s ou du contenu publicitaire ou bien pour partager des contenus du Site avec d\u2019autres personnes par exemple via les boutons des r\u00e9seaux sociaux tels que Facebook, Twitter, etc.<\/p><p style=\"font-weight: 400;\">Ces cookies sont directement d\u00e9pos\u00e9s sur Notre Site par des soci\u00e9t\u00e9s tierces sp\u00e9cialis\u00e9es dans le profilage en ligne ou bien par les r\u00e9seaux sociaux fournissant les boutons de partage. C\u2019est notamment le cas des boutons \u00ab partager \u00bb ou \u00ab j\u2019aime \u00bb issus des r\u00e9seaux sociaux Instagram ou Facebook.<\/p><p style=\"font-weight: 400;\">Conform\u00e9ment aux r\u00e8gles applicables, ces traceurs n\u00e9cessitent le recueil de Votre consentement. Ainsi, pour b\u00e9n\u00e9ficier de ces services, Vous devez accepter leur utilisation selon les modalit\u00e9s ci-dessous.<\/p><p style=\"font-weight: 400;\">Les services d\u00e9posant des cookies tiers utilis\u00e9s par Notre Site sont :<\/p><ul><li>Player YouTube \u2013 Voir la\u00a0<a href=\"https:\/\/policies.google.com\/technologies\/types?hl=fr\">Politique de cookies Google<\/a><\/li><\/ul><ol><li style=\"font-weight: 400;\"><strong> Les cookies \u00e0 usage publicitaire<\/strong><\/li><\/ol><p style=\"font-weight: 400;\">Les cookies \u00e0 usage publicitaire permettent \u00e0 WTD ou \u00e0 ses partenaires de Vous pr\u00e9senter des offres publicitaires plus pertinentes car mieux adapt\u00e9es \u00e0 Vos centres d\u2019int\u00e9r\u00eats.<\/p><p style=\"font-weight: 400;\">Conform\u00e9ment aux r\u00e8gles applicables, ces traceurs n\u00e9cessitent le recueil de Votre consentement. Ainsi, pour b\u00e9n\u00e9ficier de ces services, Vous devez accepter leur utilisation selon les modalit\u00e9s ci-dessous.<\/p><p style=\"font-weight: 400;\">Les services d\u00e9posant des cookies \u00e0 usage publicitaire utilis\u00e9s par Notre Site sont :<\/p><ul><li>Player YouTube \u2013 Voir la\u00a0<a href=\"https:\/\/policies.google.com\/technologies\/types?hl=fr\">Politique de cookies Google<\/a><\/li><\/ul><ol start=\"4\"><li style=\"font-weight: 400;\"><strong> Vos choix concernant les cookies<\/strong><\/li><\/ol><p style=\"font-weight: 400;\">Vos choix concernant les cookies, tant Votre consentement que Votre refus, sont conserv\u00e9s pendant une dur\u00e9e de 6 mois par WTD afin de ne pas Vous solliciter \u00e0 nouveau pendant ce laps de temps.<\/p><p style=\"font-weight: 400;\">Les proc\u00e9dures de gestion des cookies peuvent varier en fonction du logiciel de navigation utilis\u00e9. Elles sont d\u00e9crites dans le menu d&rsquo;aide du navigateur de l\u2019utilisateur, qui permet de savoir de quelle mani\u00e8re modifier ses souhaits en mati\u00e8re de cookies. Vous pouvez ainsi g\u00e9rer les pr\u00e9f\u00e9rences de cookies directement dans Votre propre navigateur et emp\u00eacher &#8211; par exemple &#8211; des soci\u00e9t\u00e9s tierces de les installer.<\/p><p style=\"font-weight: 400;\">Les cookies install\u00e9s par le pass\u00e9, y compris les cookies qui ont enregistr\u00e9 Votre consentement pour l&rsquo;installation de cookies pour Notre Site, peuvent \u00e9galement \u00eatre supprim\u00e9s via les pr\u00e9f\u00e9rences du navigateur.<\/p><p style=\"font-weight: 400;\">Si Vous ne connaissez pas le type et la version du navigateur utilis\u00e9, Vous pouvez cliquer sur la rubrique \u00ab\u00a0Aide\u00a0\u00bb accessible depuis le menu du navigateur en haut de la fen\u00eatre de navigation, et acc\u00e9der \u00e0 toutes les informations n\u00e9cessaires.<\/p><p style=\"font-weight: 400;\">Vous pouvez trouver des informations sur la fa\u00e7on de g\u00e9rer les cookies pour chaque navigateur aux adresses suivantes :\u00a0<u><a href=\"https:\/\/support.google.com\/chrome\/answer\/95647?co=GENIE.Platform=Desktop&amp;hl=fr\">Chrome<\/a><\/u>,\u00a0<a href=\"https:\/\/support.mozilla.org\/fr\/kb\/protection-renforcee-contre-pistage-firefox-ordinateur?redirectslug=activer-desactiver-cookies-preferences&amp;redirectlocale=fr\">Mozilla Firefox<\/a>,\u00a0<a href=\"https:\/\/support.apple.com\/guide\/safari\/manage-cookies-and-website-data-sfri11471\/mac\">Apple Safari<\/a>\u00a0et\u00a0<a href=\"https:\/\/support.microsoft.com\/fr-fr\/topic\/supprimer-et-g%C3%A9rer-les-cookies-168dab11-0753-043d-7c16-ede5947fc64d\">Microsoft Internet Explorer<\/a>.<\/p><p style=\"font-weight: 400;\">Nous Vous rappelons toutefois que si Vous configurez Votre navigateur pour d\u00e9sactiver des cookies, le bon fonctionnement de Notre Site pourrait \u00eatre compromis.<\/p><p style=\"font-weight: 400;\">Conform\u00e9ment \u00e0 la r\u00e9glementation en mati\u00e8re de donn\u00e9es \u00e0 caract\u00e8re personnel, Vous disposez de droits d\u2019acc\u00e8s, de modification, de rectification et de suppression des donn\u00e9es qui Vous concernent. Nous vous renvoyons \u00e0 notre Politique de confidentialit\u00e9 et de protection des donn\u00e9es personnelles pour tout pr\u00e9cision utile \u00e0 ce sujet.<\/p><ol start=\"5\"><li style=\"font-weight: 400;\"><strong> Mise \u00e0 jour de la Politique<\/strong><\/li><\/ol><p style=\"font-weight: 400;\">La Politique peut \u00eatre modifi\u00e9e occasionnellement. Ces modifications entreront en vigueur imm\u00e9diatement apr\u00e8s l&rsquo;affichage de la Politique de gestion des cookies modifi\u00e9e. Les utilisateurs de Notre Site sont invit\u00e9s \u00e0 lire r\u00e9guli\u00e8rement la Politique pour les changements possibles.<\/p><p style=\"font-weight: 400;\">\u00a0<\/p><p style=\"font-weight: 400;\">\u00a0<\/p>\t\t\t\t\t\t\t\t<\/div>\n\t\t\t\t<\/div>\n\t\t\t\t\t<\/div>\n\t\t<\/div>\n\t\t\t\t\t<\/div>\n\t\t<\/section>\n\t\t\t\t<\/div>\n\t\t","protected":false},"excerpt":{"rendered":"<p>POLITIQUE DE GESTION DES COOKIES L\u2019objet de la Politique de gestion des cookies (la \u00ab\u00a0Politique\u00a0\u00bb) est de Vous informer sur les conditions de d\u00e9p\u00f4t et d\u2019utilisation des cookies sur Votre terminal de communications \u00e9lectroniques lors de la navigation sur le site internet\u00a0https:\/\/montaleparfums.com.tn\/\u00a0( \u00ab\u00a0Notre Site\u00a0\u00bb). Ainsi, l\u2019objectif de la Politique est de Vous fournir, en tant &hellip;<\/p>\n<p class=\"read-more\"> <a class=\"\" href=\"https:\/\/montaleparfums.com.tn\/index.php\/politique-de-gestion-des-cookies\/\"> <span class=\"screen-reader-text\">Politique de gestion des cookies<\/span> Lire la suite\u00a0\u00bb<\/a><\/p>\n","protected":false},"author":1,"featured_media":0,"parent":0,"menu_order":0,"comment_status":"closed","ping_status":"closed","template":"","meta":{"site-sidebar-layout":"no-sidebar","site-content-layout":"page-builder","ast-global-header-display":"","ast-main-header-display":"","ast-hfb-above-header-display":"","ast-hfb-below-header-display":"","ast-hfb-mobile-header-display":"","site-post-title":"disabled","ast-breadcrumbs-content":"","ast-featured-img":"disabled","footer-sml-layout":"","theme-transparent-header-meta":"","adv-header-id-meta":"","stick-header-meta":"","header-above-stick-meta":"","header-main-stick-meta":"","header-below-stick-meta":"","footnotes":""},"class_list":["post-4581","page","type-page","status-publish","hentry"],"_links":{"self":[{"href":"https:\/\/montaleparfums.com.tn\/index.php\/wp-json\/wp\/v2\/pages\/4581","targetHints":{"allow":["GET"]}}],"collection":[{"href":"https:\/\/montaleparfums.com.tn\/index.php\/wp-json\/wp\/v2\/pages"}],"about":[{"href":"https:\/\/montaleparfums.com.tn\/index.php\/wp-json\/wp\/v2\/types\/page"}],"author":[{"embeddable":true,"href":"https:\/\/montaleparfums.com.tn\/index.php\/wp-json\/wp\/v2\/users\/1"}],"replies":[{"embeddable":true,"href":"https:\/\/montaleparfums.com.tn\/index.php\/wp-json\/wp\/v2\/comments?post=4581"}],"version-history":[{"count":8,"href":"https:\/\/montaleparfums.com.tn\/index.php\/wp-json\/wp\/v2\/pages\/4581\/revisions"}],"predecessor-version":[{"id":4659,"href":"https:\/\/montaleparfums.com.tn\/index.php\/wp-json\/wp\/v2\/pages\/4581\/revisions\/4659"}],"wp:attachment":[{"href":"https:\/\/montaleparfums.com.tn\/index.php\/wp-json\/wp\/v2\/media?parent=4581"}],"curies":[{"name":"wp","href":"https:\/\/api.w.org\/{rel}","templated":true}]}}