{"id":4161,"date":"2022-09-04T22:28:31","date_gmt":"2022-09-04T20:28:31","guid":{"rendered":"https:\/\/montaleparfums.com.tn\/?post_type=product&#038;p=4161"},"modified":"2022-09-10T11:07:12","modified_gmt":"2022-09-10T09:07:12","slug":"kit-echantillons","status":"publish","type":"product","link":"https:\/\/montaleparfums.com.tn\/index.php\/produit\/kit-echantillons\/","title":{"rendered":"Kit \u00e9chantillons"},"content":{"rendered":"<p>Pour des informations d\u00e9taill\u00e9es sur la composition de chaque produit, veuillez visiter les pages de ces produits.<\/p>\n","protected":false},"excerpt":{"rendered":"<h3>Description<\/h3>\n<p>La maison Montale vous offre la possibilit\u00e9 de d\u00e9couvrir ses parfums les plus embl\u00e9matiques gr\u00e2ce \u00e0 un kit \u00e9chantillons (5x2ml) \u00e0 composer vous-m\u00eame.<br \/>\nS\u00e9lectionnez vos 5 \u00e9chantillons puis ajoutez-les au panier.<\/p>\n","protected":false},"featured_media":4163,"comment_status":"open","ping_status":"closed","template":"","meta":{"site-sidebar-layout":"default","site-content-layout":"default","ast-global-header-display":"","ast-main-header-display":"","ast-hfb-above-header-display":"","ast-hfb-below-header-display":"","ast-hfb-mobile-header-display":"","site-post-title":"","ast-breadcrumbs-content":"","ast-featured-img":"","footer-sml-layout":"","theme-transparent-header-meta":"default","adv-header-id-meta":"","stick-header-meta":"","header-above-stick-meta":"","header-main-stick-meta":"","header-below-stick-meta":""},"product_brand":[],"product_cat":[92,91],"product_tag":[],"class_list":{"0":"post-4161","1":"product","2":"type-product","3":"status-publish","4":"has-post-thumbnail","6":"product_cat-kit-echantillons-kit-echantillons","7":"product_cat-nos-kit","8":"desktop-align-left","9":"tablet-align-left","10":"mobile-align-left","12":"first","13":"outofstock","14":"shipping-taxable","15":"product-type-variable"},"_links":{"self":[{"href":"https:\/\/montaleparfums.com.tn\/index.php\/wp-json\/wp\/v2\/product\/4161","targetHints":{"allow":["GET"]}}],"collection":[{"href":"https:\/\/montaleparfums.com.tn\/index.php\/wp-json\/wp\/v2\/product"}],"about":[{"href":"https:\/\/montaleparfums.com.tn\/index.php\/wp-json\/wp\/v2\/types\/product"}],"replies":[{"embeddable":true,"href":"https:\/\/montaleparfums.com.tn\/index.php\/wp-json\/wp\/v2\/comments?post=4161"}],"version-history":[{"count":1,"href":"https:\/\/montaleparfums.com.tn\/index.php\/wp-json\/wp\/v2\/product\/4161\/revisions"}],"predecessor-version":[{"id":4162,"href":"https:\/\/montaleparfums.com.tn\/index.php\/wp-json\/wp\/v2\/product\/4161\/revisions\/4162"}],"wp:featuredmedia":[{"embeddable":true,"href":"https:\/\/montaleparfums.com.tn\/index.php\/wp-json\/wp\/v2\/media\/4163"}],"wp:attachment":[{"href":"https:\/\/montaleparfums.com.tn\/index.php\/wp-json\/wp\/v2\/media?parent=4161"}],"wp:term":[{"taxonomy":"product_brand","embeddable":true,"href":"https:\/\/montaleparfums.com.tn\/index.php\/wp-json\/wp\/v2\/product_brand?post=4161"},{"taxonomy":"product_cat","embeddable":true,"href":"https:\/\/montaleparfums.com.tn\/index.php\/wp-json\/wp\/v2\/product_cat?post=4161"},{"taxonomy":"product_tag","embeddable":true,"href":"https:\/\/montaleparfums.com.tn\/index.php\/wp-json\/wp\/v2\/product_tag?post=4161"}],"curies":[{"name":"wp","href":"https:\/\/api.w.org\/{rel}","templated":true}]}}