{"id":4350,"date":"2022-09-06T21:40:43","date_gmt":"2022-09-06T19:40:43","guid":{"rendered":"https:\/\/montaleparfums.com.tn\/?post_type=product&#038;p=4350"},"modified":"2022-10-04T15:40:17","modified_gmt":"2022-10-04T13:40:17","slug":"crystal-flowers","status":"publish","type":"product","link":"https:\/\/montaleparfums.com.tn\/index.php\/produit\/crystal-flowers\/","title":{"rendered":"Crystal Flowers"},"content":{"rendered":"<h3>Composition<\/h3>\n<div class=\"product-description-container\">\n<div class=\"tab-content mtl-tab-content\">\n<div id=\"product-composition\" class=\"tab-pane fade product-composition active show\" role=\"tabpanel\" aria-labelledby=\"product-composition-tab\">\n<div class=\"product-composition-body\">\n<div class=\"product-description-container\">\n<div class=\"tab-content mtl-tab-content\">\n<div id=\"product-composition\" class=\"tab-pane fade product-composition active show\" role=\"tabpanel\" aria-labelledby=\"product-composition-tab\">\n<div class=\"product-composition-body\">\n<div class=\"product-description-container\">\n<div class=\"tab-content mtl-tab-content\">\n<div id=\"product-composition\" class=\"tab-pane fade product-composition active show\" role=\"tabpanel\" aria-labelledby=\"product-composition-tab\">\n<div class=\"product-composition-body\">\n<div class=\"product-description-container\">\n<div class=\"tab-content mtl-tab-content\">\n<div id=\"product-composition\" class=\"tab-pane fade product-composition active show\" role=\"tabpanel\" aria-labelledby=\"product-composition-tab\">\n<div class=\"product-composition-body\">\n<div class=\"product-description-container\">\n<div class=\"tab-content mtl-tab-content\">\n<div id=\"product-composition\" class=\"tab-pane fade product-composition active show\" role=\"tabpanel\" aria-labelledby=\"product-composition-tab\">\n<div class=\"product-composition-body\">\n<div class=\"product-description-container\">\n<div class=\"tab-content mtl-tab-content\">\n<div id=\"product-composition\" class=\"tab-pane fade product-composition active show\" role=\"tabpanel\" aria-labelledby=\"product-composition-tab\">\n<div class=\"product-composition-body\">\n<div class=\"product-description-container\">\n<div class=\"tab-content mtl-tab-content\">\n<div id=\"product-composition\" class=\"tab-pane fade product-composition active show\" role=\"tabpanel\" aria-labelledby=\"product-composition-tab\">\n<div class=\"product-composition-body\">\n<div class=\"product-description-container\">\n<div class=\"tab-content mtl-tab-content\">\n<div id=\"product-composition\" class=\"tab-pane fade product-composition active show\" role=\"tabpanel\" aria-labelledby=\"product-composition-tab\">\n<div class=\"product-composition-body\">\n<div class=\"product-description-container\">\n<div class=\"tab-content mtl-tab-content\">\n<div id=\"product-composition\" class=\"tab-pane fade product-composition active show\" role=\"tabpanel\" aria-labelledby=\"product-composition-tab\">\n<div class=\"product-composition-body\">\n<div class=\"product-description-container\">\n<div class=\"tab-content mtl-tab-content\">\n<div id=\"product-composition\" class=\"tab-pane fade product-composition active show\" role=\"tabpanel\" aria-labelledby=\"product-composition-tab\">\n<div class=\"product-composition-body\">\n<div class=\"product-composition-warning product-composition-warning-separator\">\n<div class=\"product-description-container\">\n<div class=\"tab-content mtl-tab-content\">\n<div id=\"product-composition\" class=\"tab-pane fade product-composition active show\" role=\"tabpanel\" aria-labelledby=\"product-composition-tab\">\n<div class=\"product-composition-body\">\n<div class=\"product-composition-warning \">\n<div class=\"product-description-container\">\n<div class=\"tab-content mtl-tab-content\">\n<div id=\"product-composition\" class=\"tab-pane fade product-composition active show\" role=\"tabpanel\" aria-labelledby=\"product-composition-tab\">\n<div class=\"product-composition-body\">\n<p>ALCOHOL DENAT \u2022 PARFUM \/ FRAGRANCE \u2022 AQUA \/ WATER \u2022 LIMONENE \u2022 CITRONELLOL \u2022 GERANIOL HEXYL CINNAMAL \u2022 BENZYL SALICYLATE \u2022 LINALOOL \u2022 EUGENOL \u2022 ALPHA-ISOMETHYL IONONE \u2022 CITRAL \u2022 HYDROXYCITRONELLAL \u2022 BENZYL ALCOHOL \u2022 FARNESOL<\/p>\n<div><\/div>\n<div class=\"product-composition-warning product-composition-warning-separator\">Avertissement : les listes d&rsquo;ingr\u00e9dients entrant dans la composition des produits Montale Parfums Paris sont r\u00e9guli\u00e8rement mises \u00e0 jour. Avant d&rsquo;utiliser un produit Montale, veuillez lire la liste d&rsquo;ingr\u00e9dients situ\u00e9e sur son emballage afin de vous assurer que les ingr\u00e9dients sont adapt\u00e9s \u00e0 votre utilisation personnelle.<\/div>\n<\/div>\n<\/div>\n<\/div>\n<\/div>\n<\/div>\n<\/div>\n<\/div>\n<\/div>\n<\/div>\n<\/div>\n<\/div>\n<\/div>\n<\/div>\n<\/div>\n<\/div>\n<\/div>\n<\/div>\n<\/div>\n<\/div>\n<\/div>\n<\/div>\n<\/div>\n<\/div>\n<\/div>\n<\/div>\n<\/div>\n<\/div>\n<\/div>\n<\/div>\n<\/div>\n<\/div>\n<\/div>\n<\/div>\n<\/div>\n<\/div>\n<\/div>\n<\/div>\n<\/div>\n<\/div>\n<\/div>\n<\/div>\n<\/div>\n<\/div>\n<\/div>\n<\/div>\n<\/div>\n<\/div>\n<\/div>\n<\/div>\n<\/div>\n","protected":false},"excerpt":{"rendered":"<h3>Description<\/h3>\n<div class=\"product-description-container\">\n<div class=\"tab-content mtl-tab-content\">\n<div id=\"product-description\" class=\"tab-pane fade active show\" role=\"tabpanel\" aria-labelledby=\"product-description-tab\">\n<div class=\"product-description-container\">\n<div class=\"tab-content mtl-tab-content\">\n<div id=\"product-description\" class=\"tab-pane fade show active\" role=\"tabpanel\" aria-labelledby=\"product-description-tab\">\n<div class=\"product-description-container\">\n<div class=\"tab-content mtl-tab-content\">\n<div id=\"product-description\" class=\"tab-pane fade show active\" role=\"tabpanel\" aria-labelledby=\"product-description-tab\">\n<div class=\"product-description-container\">\n<div class=\"tab-content mtl-tab-content\">\n<div id=\"product-description\" class=\"tab-pane fade show active\" role=\"tabpanel\" aria-labelledby=\"product-description-tab\">\n<p>Les Roses de la vall\u00e9e du Dad\u00e8s et la fra\u00eecheur des Mandarines d\u2019Italie associ\u00e9es au Muguet, au Musc blanc et \u00e0 l\u2019Ambre gris nous envo\u00fbtent en un floral oriental tr\u00e8s doux et tr\u00e8s sensuel.<\/p>\n<\/div>\n<\/div>\n<\/div>\n<\/div>\n<\/div>\n<\/div>\n<\/div>\n<\/div>\n<\/div>\n<\/div>\n<\/div>\n<\/div>\n","protected":false},"featured_media":4353,"comment_status":"closed","ping_status":"closed","template":"","meta":{"site-sidebar-layout":"no-sidebar","site-content-layout":"boxed-container","ast-global-header-display":"","ast-main-header-display":"","ast-hfb-above-header-display":"","ast-hfb-below-header-display":"","ast-hfb-mobile-header-display":"","site-post-title":"","ast-breadcrumbs-content":"","ast-featured-img":"","footer-sml-layout":"","theme-transparent-header-meta":"disabled","adv-header-id-meta":"","stick-header-meta":"","header-above-stick-meta":"","header-main-stick-meta":"","header-below-stick-meta":""},"product_brand":[],"product_cat":[58,62],"product_tag":[],"class_list":{"0":"post-4350","1":"product","2":"type-product","3":"status-publish","4":"has-post-thumbnail","6":"product_cat-oud","7":"product_cat-rose","8":"desktop-align-left","9":"tablet-align-left","10":"mobile-align-left","12":"first","13":"outofstock","14":"shipping-taxable","15":"purchasable","16":"product-type-variable"},"_links":{"self":[{"href":"https:\/\/montaleparfums.com.tn\/index.php\/wp-json\/wp\/v2\/product\/4350","targetHints":{"allow":["GET"]}}],"collection":[{"href":"https:\/\/montaleparfums.com.tn\/index.php\/wp-json\/wp\/v2\/product"}],"about":[{"href":"https:\/\/montaleparfums.com.tn\/index.php\/wp-json\/wp\/v2\/types\/product"}],"replies":[{"embeddable":true,"href":"https:\/\/montaleparfums.com.tn\/index.php\/wp-json\/wp\/v2\/comments?post=4350"}],"version-history":[{"count":2,"href":"https:\/\/montaleparfums.com.tn\/index.php\/wp-json\/wp\/v2\/product\/4350\/revisions"}],"predecessor-version":[{"id":4711,"href":"https:\/\/montaleparfums.com.tn\/index.php\/wp-json\/wp\/v2\/product\/4350\/revisions\/4711"}],"wp:featuredmedia":[{"embeddable":true,"href":"https:\/\/montaleparfums.com.tn\/index.php\/wp-json\/wp\/v2\/media\/4353"}],"wp:attachment":[{"href":"https:\/\/montaleparfums.com.tn\/index.php\/wp-json\/wp\/v2\/media?parent=4350"}],"wp:term":[{"taxonomy":"product_brand","embeddable":true,"href":"https:\/\/montaleparfums.com.tn\/index.php\/wp-json\/wp\/v2\/product_brand?post=4350"},{"taxonomy":"product_cat","embeddable":true,"href":"https:\/\/montaleparfums.com.tn\/index.php\/wp-json\/wp\/v2\/product_cat?post=4350"},{"taxonomy":"product_tag","embeddable":true,"href":"https:\/\/montaleparfums.com.tn\/index.php\/wp-json\/wp\/v2\/product_tag?post=4350"}],"curies":[{"name":"wp","href":"https:\/\/api.w.org\/{rel}","templated":true}]}}