{"id":4388,"date":"2025-12-01T12:46:09","date_gmt":"2025-12-01T11:46:09","guid":{"rendered":"https:\/\/montaleparfums.com.tn\/?post_type=product&#038;p=4388"},"modified":"2025-12-01T13:19:10","modified_gmt":"2025-12-01T12:19:10","slug":"aoud-lagoon","status":"publish","type":"product","link":"https:\/\/montaleparfums.com.tn\/index.php\/produit\/aoud-lagoon\/","title":{"rendered":"Aoud Lagoon"},"content":{"rendered":"<h3>Composition<\/h3>\n<div class=\"product-description-container\">\n<div class=\"tab-content mtl-tab-content\">\n<div id=\"product-composition\" class=\"tab-pane fade product-composition active show\" role=\"tabpanel\" aria-labelledby=\"product-composition-tab\">\n<div class=\"product-composition-body\">\n<div class=\"product-description-container\">\n<div class=\"tab-content mtl-tab-content\">\n<div id=\"product-composition\" class=\"tab-pane fade product-composition active show\" role=\"tabpanel\" aria-labelledby=\"product-composition-tab\">\n<div class=\"product-composition-body\">\n<div class=\"product-description-container\">\n<div class=\"tab-content mtl-tab-content\">\n<div id=\"product-composition\" class=\"tab-pane fade product-composition active show\" role=\"tabpanel\" aria-labelledby=\"product-composition-tab\">\n<div class=\"product-composition-body\">\n<div class=\"product-description-container\">\n<div class=\"tab-content mtl-tab-content\">\n<div id=\"product-composition\" class=\"tab-pane fade product-composition active show\" role=\"tabpanel\" aria-labelledby=\"product-composition-tab\">\n<div class=\"product-composition-body\">\n<div class=\"product-description-container\">\n<div class=\"tab-content mtl-tab-content\">\n<div id=\"product-composition\" class=\"tab-pane fade product-composition active show\" role=\"tabpanel\" aria-labelledby=\"product-composition-tab\">\n<div class=\"product-composition-body\">\n<div class=\"product-description-container\">\n<div class=\"tab-content mtl-tab-content\">\n<div id=\"product-composition\" class=\"tab-pane fade product-composition active show\" role=\"tabpanel\" aria-labelledby=\"product-composition-tab\">\n<div class=\"product-composition-body\">\n<div class=\"product-description-container\">\n<div class=\"tab-content mtl-tab-content\">\n<div id=\"product-composition\" class=\"tab-pane fade product-composition active show\" role=\"tabpanel\" aria-labelledby=\"product-composition-tab\">\n<div class=\"product-composition-body\">\n<div class=\"product-description-container\">\n<div class=\"tab-content mtl-tab-content\">\n<div id=\"product-composition\" class=\"tab-pane fade product-composition active show\" role=\"tabpanel\" aria-labelledby=\"product-composition-tab\">\n<div class=\"product-composition-body\">\n<div class=\"product-description-container\">\n<div class=\"tab-content mtl-tab-content\">\n<div id=\"product-composition\" class=\"tab-pane fade product-composition active show\" role=\"tabpanel\" aria-labelledby=\"product-composition-tab\">\n<div class=\"product-composition-body\">\n<div class=\"product-description-container\">\n<div class=\"tab-content mtl-tab-content\">\n<div id=\"product-composition\" class=\"tab-pane fade product-composition active show\" role=\"tabpanel\" aria-labelledby=\"product-composition-tab\">\n<div class=\"product-composition-body\">\n<div class=\"product-composition-warning product-composition-warning-separator\">\n<div class=\"product-description-container\">\n<div class=\"tab-content mtl-tab-content\">\n<div id=\"product-composition\" class=\"tab-pane fade product-composition active show\" role=\"tabpanel\" aria-labelledby=\"product-composition-tab\">\n<div class=\"product-composition-body\">\n<div class=\"product-composition-warning \">\n<div class=\"product-description-container\">\n<div class=\"tab-content mtl-tab-content\">\n<div id=\"product-composition\" class=\"tab-pane fade product-composition active show\" role=\"tabpanel\" aria-labelledby=\"product-composition-tab\">\n<div class=\"product-composition-body\">\n<div class=\"product-description-container\">\n<div class=\"tab-content mtl-tab-content\">\n<div id=\"product-composition\" class=\"tab-pane fade product-composition active show\" role=\"tabpanel\" aria-labelledby=\"product-composition-tab\">\n<div class=\"product-composition-body\">\n<div class=\"product-description-container\">\n<div class=\"tab-content mtl-tab-content\">\n<div id=\"product-composition\" class=\"tab-pane fade product-composition active show\" role=\"tabpanel\" aria-labelledby=\"product-composition-tab\">\n<div class=\"product-composition-body\">\n<div class=\"product-description-container\">\n<div class=\"tab-content mtl-tab-content\">\n<div id=\"product-composition\" class=\"tab-pane fade product-composition active show\" role=\"tabpanel\" aria-labelledby=\"product-composition-tab\">\n<div class=\"product-composition-body\">\n<p>ALCOHOL DENAT \u2022 PARFUM \/ FRAGRANCE \u2022 BENZYL SALICYLATE \u2022 HYDROXYCITRONELLAL \u2022 AQUA \/ WATER \u2022 ALPHA-ISOMETHYL IONONE \u2022 LIMONENE \u2022 LINALOOL \u2022 ISOEUGENOL \u2022 CITRAL \u2022 CITRONELLOL \u2022 GERANIOL \u2022 EUGENOL \u2022 FARNESOL<\/p>\n<div class=\"product-composition-warning product-composition-warning-separator\">Avertissement : les listes d&rsquo;ingr\u00e9dients entrant dans la composition des produits Montale Parfums Paris sont r\u00e9guli\u00e8rement mises \u00e0 jour. Avant d&rsquo;utiliser un produit Montale, veuillez lire la liste d&rsquo;ingr\u00e9dients situ\u00e9e sur son emballage afin de vous assurer que les ingr\u00e9dients sont adapt\u00e9s \u00e0 votre utilisation personnelle.<\/div>\n<\/div>\n<\/div>\n<\/div>\n<\/div>\n<\/div>\n<\/div>\n<\/div>\n<\/div>\n<\/div>\n<\/div>\n<\/div>\n<\/div>\n<\/div>\n<\/div>\n<\/div>\n<\/div>\n<\/div>\n<\/div>\n<\/div>\n<\/div>\n<\/div>\n<\/div>\n<\/div>\n<\/div>\n<\/div>\n<\/div>\n<\/div>\n<\/div>\n<\/div>\n<\/div>\n<\/div>\n<\/div>\n<\/div>\n<\/div>\n<\/div>\n<\/div>\n<\/div>\n<\/div>\n<\/div>\n<\/div>\n<\/div>\n<\/div>\n<\/div>\n<\/div>\n<\/div>\n<\/div>\n<\/div>\n<\/div>\n<\/div>\n<\/div>\n<\/div>\n<\/div>\n<\/div>\n<\/div>\n<\/div>\n<\/div>\n<\/div>\n<\/div>\n<\/div>\n<\/div>\n<\/div>\n<\/div>\n","protected":false},"excerpt":{"rendered":"<h3>Description<\/h3>\n<div class=\"product-description-container\">\n<div class=\"tab-content mtl-tab-content\">\n<div id=\"product-description\" class=\"tab-pane fade active show\" role=\"tabpanel\" aria-labelledby=\"product-description-tab\">\n<div class=\"product-description-container\">\n<div class=\"tab-content mtl-tab-content\">\n<div id=\"product-description\" class=\"tab-pane fade show active\" role=\"tabpanel\" aria-labelledby=\"product-description-tab\">\n<div class=\"product-description-container\">\n<div class=\"tab-content mtl-tab-content\">\n<div id=\"product-description\" class=\"tab-pane fade show active\" role=\"tabpanel\" aria-labelledby=\"product-description-tab\">\n<div class=\"product-description-container\">\n<div class=\"tab-content mtl-tab-content\">\n<div id=\"product-description\" class=\"tab-pane fade show active\" role=\"tabpanel\" aria-labelledby=\"product-description-tab\">\n<div class=\"product-description-container\">\n<div class=\"tab-content mtl-tab-content\">\n<div id=\"product-description\" class=\"tab-pane fade show active\" role=\"tabpanel\" aria-labelledby=\"product-description-tab\">\n<p>La Fleur d\u2019Osmanthus, v\u00e9ritable tr\u00e9sor d\u2019Extr\u00eame Orient, associ\u00e9e \u00e0 la juteuse Mandarine de Sicile, vous invite \u00e0 un voyage<i>\u00a0<\/i>spirituel<i>,<\/i>\u00a0o\u00f9 la mystique Fleur de Lotus et la sensuelle Tiar\u00e9, r\u00e9v\u00e8lent votre force int\u00e9rieure et d\u2019inoubliables notes de Mousse de Ch\u00eane, de Bois de Ga\u00efac et de V\u00e9tiver Ha\u00eftien.<\/p>\n<\/div>\n<\/div>\n<\/div>\n<\/div>\n<\/div>\n<\/div>\n<\/div>\n<\/div>\n<\/div>\n<\/div>\n<\/div>\n<\/div>\n<\/div>\n<\/div>\n<\/div>\n","protected":false},"featured_media":4391,"comment_status":"closed","ping_status":"closed","template":"","meta":{"site-sidebar-layout":"no-sidebar","site-content-layout":"boxed-container","ast-global-header-display":"","ast-main-header-display":"","ast-hfb-above-header-display":"","ast-hfb-below-header-display":"","ast-hfb-mobile-header-display":"","site-post-title":"","ast-breadcrumbs-content":"","ast-featured-img":"","footer-sml-layout":"","theme-transparent-header-meta":"disabled","adv-header-id-meta":"","stick-header-meta":"","header-above-stick-meta":"","header-main-stick-meta":"","header-below-stick-meta":""},"product_brand":[],"product_cat":[67,58],"product_tag":[],"class_list":{"0":"post-4388","1":"product","2":"type-product","3":"status-publish","4":"has-post-thumbnail","6":"product_cat-fruits","7":"product_cat-oud","8":"desktop-align-left","9":"tablet-align-left","10":"mobile-align-left","12":"first","13":"instock","14":"shipping-taxable","15":"purchasable","16":"product-type-variable"},"_links":{"self":[{"href":"https:\/\/montaleparfums.com.tn\/index.php\/wp-json\/wp\/v2\/product\/4388","targetHints":{"allow":["GET"]}}],"collection":[{"href":"https:\/\/montaleparfums.com.tn\/index.php\/wp-json\/wp\/v2\/product"}],"about":[{"href":"https:\/\/montaleparfums.com.tn\/index.php\/wp-json\/wp\/v2\/types\/product"}],"replies":[{"embeddable":true,"href":"https:\/\/montaleparfums.com.tn\/index.php\/wp-json\/wp\/v2\/comments?post=4388"}],"version-history":[{"count":3,"href":"https:\/\/montaleparfums.com.tn\/index.php\/wp-json\/wp\/v2\/product\/4388\/revisions"}],"predecessor-version":[{"id":4687,"href":"https:\/\/montaleparfums.com.tn\/index.php\/wp-json\/wp\/v2\/product\/4388\/revisions\/4687"}],"wp:featuredmedia":[{"embeddable":true,"href":"https:\/\/montaleparfums.com.tn\/index.php\/wp-json\/wp\/v2\/media\/4391"}],"wp:attachment":[{"href":"https:\/\/montaleparfums.com.tn\/index.php\/wp-json\/wp\/v2\/media?parent=4388"}],"wp:term":[{"taxonomy":"product_brand","embeddable":true,"href":"https:\/\/montaleparfums.com.tn\/index.php\/wp-json\/wp\/v2\/product_brand?post=4388"},{"taxonomy":"product_cat","embeddable":true,"href":"https:\/\/montaleparfums.com.tn\/index.php\/wp-json\/wp\/v2\/product_cat?post=4388"},{"taxonomy":"product_tag","embeddable":true,"href":"https:\/\/montaleparfums.com.tn\/index.php\/wp-json\/wp\/v2\/product_tag?post=4388"}],"curies":[{"name":"wp","href":"https:\/\/api.w.org\/{rel}","templated":true}]}}