{"id":4456,"date":"2025-12-01T12:42:37","date_gmt":"2025-12-01T11:42:37","guid":{"rendered":"https:\/\/montaleparfums.com.tn\/?post_type=product&#038;p=4456"},"modified":"2025-12-01T12:53:38","modified_gmt":"2025-12-01T11:53:38","slug":"orange-aoud","status":"publish","type":"product","link":"https:\/\/montaleparfums.com.tn\/index.php\/produit\/orange-aoud\/","title":{"rendered":"Orange Aoud"},"content":{"rendered":"<h3>Composition<\/h3>\n<div class=\"product-description-container\">\n<div class=\"tab-content mtl-tab-content\">\n<div id=\"product-composition\" class=\"tab-pane fade product-composition active show\" role=\"tabpanel\" aria-labelledby=\"product-composition-tab\">\n<div class=\"product-composition-body\">\n<div class=\"product-description-container\">\n<div class=\"tab-content mtl-tab-content\">\n<div id=\"product-composition\" class=\"tab-pane fade product-composition active show\" role=\"tabpanel\" aria-labelledby=\"product-composition-tab\">\n<div class=\"product-composition-body\">\n<div class=\"product-description-container\">\n<div class=\"tab-content mtl-tab-content\">\n<div id=\"product-composition\" class=\"tab-pane fade product-composition active show\" role=\"tabpanel\" aria-labelledby=\"product-composition-tab\">\n<div class=\"product-composition-body\">\n<div class=\"product-description-container\">\n<div class=\"tab-content mtl-tab-content\">\n<div id=\"product-composition\" class=\"tab-pane fade product-composition active show\" role=\"tabpanel\" aria-labelledby=\"product-composition-tab\">\n<div class=\"product-composition-body\">\n<div class=\"product-description-container\">\n<div class=\"tab-content mtl-tab-content\">\n<div id=\"product-composition\" class=\"tab-pane fade product-composition active show\" role=\"tabpanel\" aria-labelledby=\"product-composition-tab\">\n<div class=\"product-composition-body\">\n<div class=\"product-description-container\">\n<div class=\"tab-content mtl-tab-content\">\n<div id=\"product-composition\" class=\"tab-pane fade product-composition active show\" role=\"tabpanel\" aria-labelledby=\"product-composition-tab\">\n<div class=\"product-composition-body\">\n<div class=\"product-description-container\">\n<div class=\"tab-content mtl-tab-content\">\n<div id=\"product-composition\" class=\"tab-pane fade product-composition active show\" role=\"tabpanel\" aria-labelledby=\"product-composition-tab\">\n<div class=\"product-composition-body\">\n<div class=\"product-description-container\">\n<div class=\"tab-content mtl-tab-content\">\n<div id=\"product-composition\" class=\"tab-pane fade product-composition active show\" role=\"tabpanel\" aria-labelledby=\"product-composition-tab\">\n<div class=\"product-composition-body\">\n<div class=\"product-description-container\">\n<div class=\"tab-content mtl-tab-content\">\n<div id=\"product-composition\" class=\"tab-pane fade product-composition active show\" role=\"tabpanel\" aria-labelledby=\"product-composition-tab\">\n<div class=\"product-composition-body\">\n<div class=\"product-description-container\">\n<div class=\"tab-content mtl-tab-content\">\n<div id=\"product-composition\" class=\"tab-pane fade product-composition active show\" role=\"tabpanel\" aria-labelledby=\"product-composition-tab\">\n<div class=\"product-composition-body\">\n<div class=\"product-description-container\">\n<div class=\"tab-content mtl-tab-content\">\n<div id=\"product-composition\" class=\"tab-pane fade product-composition active show\" role=\"tabpanel\" aria-labelledby=\"product-composition-tab\">\n<div class=\"product-composition-body\">\n<div class=\"product-description-container\">\n<div class=\"tab-content mtl-tab-content\">\n<div id=\"product-composition\" class=\"tab-pane fade product-composition active show\" role=\"tabpanel\" aria-labelledby=\"product-composition-tab\">\n<div class=\"product-composition-body\">\n<p>ALCOHOL DENAT \u2022 PARFUM \/ FRAGRANCE \u2022 AQUA \/ WATER \u2022 ALPHA-ISOMETHYL IONONE \u2022 BENZYL SALICYLATE \u2022 LIMONENE \u2022 HEXYL CINNAMAL \u2022 LINALOOL \u2022 HYDROXYCITRONELLAL \u2022 CITRONELLOL \u2022 COUMARIN \u2022 GERANIOL \u2022 CITRAL \u2022 CINNAMYL ALCOHOL \u2022 EUGENOL \u2022 FARNESOL \u2022 BENZYL BENZOATE \u2022 ISOEUGENOL<\/p>\n<div class=\"product-composition-warning product-composition-warning-separator\">Avertissement : les listes d&rsquo;ingr\u00e9dients entrant dans la composition des produits Montale Parfums Paris sont r\u00e9guli\u00e8rement mises \u00e0 jour. Avant d&rsquo;utiliser un produit Montale, veuillez lire la liste d&rsquo;ingr\u00e9dients situ\u00e9e sur son emballage afin de vous assurer que les ingr\u00e9dients sont adapt\u00e9s \u00e0 votre utilisation personnelle.<\/div>\n<\/div>\n<\/div>\n<\/div>\n<\/div>\n<\/div>\n<\/div>\n<\/div>\n<\/div>\n<\/div>\n<\/div>\n<\/div>\n<\/div>\n<\/div>\n<\/div>\n<\/div>\n<\/div>\n<\/div>\n<\/div>\n<\/div>\n<\/div>\n<\/div>\n<\/div>\n<\/div>\n<\/div>\n<\/div>\n<\/div>\n<\/div>\n<\/div>\n<\/div>\n<\/div>\n<\/div>\n<\/div>\n<\/div>\n<\/div>\n<\/div>\n<\/div>\n<\/div>\n<\/div>\n<\/div>\n<\/div>\n<\/div>\n<\/div>\n<\/div>\n<\/div>\n<\/div>\n<\/div>\n<\/div>\n<\/div>\n","protected":false},"excerpt":{"rendered":"<h3>Description<\/h3>\n<div class=\"product-description-container\">\n<div class=\"tab-content mtl-tab-content\">\n<div id=\"product-description\" class=\"tab-pane fade active show\" role=\"tabpanel\" aria-labelledby=\"product-description-tab\">\n<div class=\"product-description-container\">\n<div class=\"tab-content mtl-tab-content\">\n<div id=\"product-description\" class=\"tab-pane fade show active\" role=\"tabpanel\" aria-labelledby=\"product-description-tab\">\n<div class=\"product-description-container\">\n<div class=\"tab-content mtl-tab-content\">\n<div id=\"product-description\" class=\"tab-pane fade show active\" role=\"tabpanel\" aria-labelledby=\"product-description-tab\">\n<div class=\"product-description-container\">\n<div class=\"tab-content mtl-tab-content\">\n<div id=\"product-description\" class=\"tab-pane fade show active\" role=\"tabpanel\" aria-labelledby=\"product-description-tab\">\n<p>La richesse du Aoud de Malaisie associ\u00e9e \u00e0 un souffle d\u2019\u00c9pices et de Bergamote, d\u00e9voile un tr\u00e8s beau c\u0153ur de Patchouli et de Violette, et laisse un sillage envoutant de Santal de Mysore et d\u2019Ambre sensuel.<\/p>\n<\/div>\n<\/div>\n<\/div>\n<\/div>\n<\/div>\n<\/div>\n<p>&nbsp;<\/p>\n<\/div>\n<\/div>\n<\/div>\n<\/div>\n<\/div>\n<\/div>\n","protected":false},"featured_media":4459,"comment_status":"closed","ping_status":"closed","template":"","meta":{"site-sidebar-layout":"no-sidebar","site-content-layout":"boxed-container","ast-global-header-display":"","ast-main-header-display":"","ast-hfb-above-header-display":"","ast-hfb-below-header-display":"","ast-hfb-mobile-header-display":"","site-post-title":"","ast-breadcrumbs-content":"","ast-featured-img":"","footer-sml-layout":"","theme-transparent-header-meta":"disabled","adv-header-id-meta":"","stick-header-meta":"","header-above-stick-meta":"","header-main-stick-meta":"","header-below-stick-meta":""},"product_brand":[],"product_cat":[58],"product_tag":[],"class_list":{"0":"post-4456","1":"product","2":"type-product","3":"status-publish","4":"has-post-thumbnail","6":"product_cat-oud","7":"desktop-align-left","8":"tablet-align-left","9":"mobile-align-left","11":"first","12":"instock","13":"shipping-taxable","14":"purchasable","15":"product-type-variable"},"_links":{"self":[{"href":"https:\/\/montaleparfums.com.tn\/index.php\/wp-json\/wp\/v2\/product\/4456","targetHints":{"allow":["GET"]}}],"collection":[{"href":"https:\/\/montaleparfums.com.tn\/index.php\/wp-json\/wp\/v2\/product"}],"about":[{"href":"https:\/\/montaleparfums.com.tn\/index.php\/wp-json\/wp\/v2\/types\/product"}],"replies":[{"embeddable":true,"href":"https:\/\/montaleparfums.com.tn\/index.php\/wp-json\/wp\/v2\/comments?post=4456"}],"version-history":[{"count":2,"href":"https:\/\/montaleparfums.com.tn\/index.php\/wp-json\/wp\/v2\/product\/4456\/revisions"}],"predecessor-version":[{"id":4461,"href":"https:\/\/montaleparfums.com.tn\/index.php\/wp-json\/wp\/v2\/product\/4456\/revisions\/4461"}],"wp:featuredmedia":[{"embeddable":true,"href":"https:\/\/montaleparfums.com.tn\/index.php\/wp-json\/wp\/v2\/media\/4459"}],"wp:attachment":[{"href":"https:\/\/montaleparfums.com.tn\/index.php\/wp-json\/wp\/v2\/media?parent=4456"}],"wp:term":[{"taxonomy":"product_brand","embeddable":true,"href":"https:\/\/montaleparfums.com.tn\/index.php\/wp-json\/wp\/v2\/product_brand?post=4456"},{"taxonomy":"product_cat","embeddable":true,"href":"https:\/\/montaleparfums.com.tn\/index.php\/wp-json\/wp\/v2\/product_cat?post=4456"},{"taxonomy":"product_tag","embeddable":true,"href":"https:\/\/montaleparfums.com.tn\/index.php\/wp-json\/wp\/v2\/product_tag?post=4456"}],"curies":[{"name":"wp","href":"https:\/\/api.w.org\/{rel}","templated":true}]}}