{"id":4462,"date":"2025-12-01T12:45:06","date_gmt":"2025-12-01T11:45:06","guid":{"rendered":"https:\/\/montaleparfums.com.tn\/?post_type=product&#038;p=4462"},"modified":"2025-12-01T12:50:21","modified_gmt":"2025-12-01T11:50:21","slug":"orange-flowers","status":"publish","type":"product","link":"https:\/\/montaleparfums.com.tn\/index.php\/produit\/orange-flowers\/","title":{"rendered":"Orange Flowers"},"content":{"rendered":"<h3>Composition<\/h3>\n<div class=\"product-description-container\">\n<div class=\"tab-content mtl-tab-content\">\n<div id=\"product-composition\" class=\"tab-pane fade product-composition active show\" role=\"tabpanel\" aria-labelledby=\"product-composition-tab\">\n<div class=\"product-composition-body\">\n<div class=\"product-description-container\">\n<div class=\"tab-content mtl-tab-content\">\n<div id=\"product-composition\" class=\"tab-pane fade product-composition active show\" role=\"tabpanel\" aria-labelledby=\"product-composition-tab\">\n<div class=\"product-composition-body\">\n<div class=\"product-description-container\">\n<div class=\"tab-content mtl-tab-content\">\n<div id=\"product-composition\" class=\"tab-pane fade product-composition active show\" role=\"tabpanel\" aria-labelledby=\"product-composition-tab\">\n<div class=\"product-composition-body\">\n<div class=\"product-description-container\">\n<div class=\"tab-content mtl-tab-content\">\n<div id=\"product-composition\" class=\"tab-pane fade product-composition active show\" role=\"tabpanel\" aria-labelledby=\"product-composition-tab\">\n<div class=\"product-composition-body\">\n<div class=\"product-description-container\">\n<div class=\"tab-content mtl-tab-content\">\n<div id=\"product-composition\" class=\"tab-pane fade product-composition active show\" role=\"tabpanel\" aria-labelledby=\"product-composition-tab\">\n<div class=\"product-composition-body\">\n<div class=\"product-description-container\">\n<div class=\"tab-content mtl-tab-content\">\n<div id=\"product-composition\" class=\"tab-pane fade product-composition active show\" role=\"tabpanel\" aria-labelledby=\"product-composition-tab\">\n<div class=\"product-composition-body\">\n<div class=\"product-description-container\">\n<div class=\"tab-content mtl-tab-content\">\n<div id=\"product-composition\" class=\"tab-pane fade product-composition active show\" role=\"tabpanel\" aria-labelledby=\"product-composition-tab\">\n<div class=\"product-composition-body\">\n<div class=\"product-description-container\">\n<div class=\"tab-content mtl-tab-content\">\n<div id=\"product-composition\" class=\"tab-pane fade product-composition active show\" role=\"tabpanel\" aria-labelledby=\"product-composition-tab\">\n<div class=\"product-composition-body\">\n<div class=\"product-description-container\">\n<div class=\"tab-content mtl-tab-content\">\n<div id=\"product-composition\" class=\"tab-pane fade product-composition active show\" role=\"tabpanel\" aria-labelledby=\"product-composition-tab\">\n<div class=\"product-composition-body\">\n<div class=\"product-description-container\">\n<div class=\"tab-content mtl-tab-content\">\n<div id=\"product-composition\" class=\"tab-pane fade product-composition active show\" role=\"tabpanel\" aria-labelledby=\"product-composition-tab\">\n<div class=\"product-composition-body\">\n<div class=\"product-composition-warning product-composition-warning-separator\">\n<div class=\"product-description-container\">\n<div class=\"tab-content mtl-tab-content\">\n<div id=\"product-composition\" class=\"tab-pane fade product-composition active show\" role=\"tabpanel\" aria-labelledby=\"product-composition-tab\">\n<div class=\"product-composition-body\">\n<div class=\"product-composition-warning \">\n<div class=\"product-description-container\">\n<div class=\"tab-content mtl-tab-content\">\n<div id=\"product-composition\" class=\"tab-pane fade product-composition active show\" role=\"tabpanel\" aria-labelledby=\"product-composition-tab\">\n<div class=\"product-composition-body\">\n<div class=\"product-description-container\">\n<div class=\"tab-content mtl-tab-content\">\n<div id=\"product-composition\" class=\"tab-pane fade product-composition active show\" role=\"tabpanel\" aria-labelledby=\"product-composition-tab\">\n<div class=\"product-composition-body\">\n<div class=\"product-description-container\">\n<div class=\"tab-content mtl-tab-content\">\n<div id=\"product-composition\" class=\"tab-pane fade product-composition active show\" role=\"tabpanel\" aria-labelledby=\"product-composition-tab\">\n<div class=\"product-composition-body\">\n<div class=\"product-description-container\">\n<div class=\"tab-content mtl-tab-content\">\n<div id=\"product-composition\" class=\"tab-pane fade product-composition active show\" role=\"tabpanel\" aria-labelledby=\"product-composition-tab\">\n<div class=\"product-composition-body\">\n<div class=\"product-composition-warning product-composition-warning-separator\">\n<div class=\"product-description-container\">\n<div class=\"tab-content mtl-tab-content\">\n<div id=\"product-composition\" class=\"tab-pane fade product-composition active show\" role=\"tabpanel\" aria-labelledby=\"product-composition-tab\">\n<div class=\"product-composition-body\">\n<p>ALCOHOL DENAT \u2022 PARFUM \/ FRAGRANCE \u2022 AQUA \/ WATER \u2022 LINALOOL \u2022 LIMONENE \u2022 GERANIOL \u2022 EUGENOL \u2022 CITRONELLOL \u2022 CITRAL \u2022 ALPHA-ISOMETHYL IONONE \u2022 BENZYL SALICYLATE \u2022 BENZYL BENZOATE \u2022 COUMARIN \u2022 FARNESOL \u2022 ISOEUGENOL \u2022 HYDROXYCITRONELLAL \u2022 BENZYL ALCOHOL \u2022 CINNAMAL \u2022 CINNAMYL ALCOHOL<\/p>\n<div class=\"product-composition-warning product-composition-warning-separator\">Avertissement : les listes d&rsquo;ingr\u00e9dients entrant dans la composition des produits Montale Parfums Paris sont r\u00e9guli\u00e8rement mises \u00e0 jour. Avant d&rsquo;utiliser un produit Montale, veuillez lire la liste d&rsquo;ingr\u00e9dients situ\u00e9e sur son emballage afin de vous assurer que les ingr\u00e9dients sont adapt\u00e9s \u00e0 votre utilisation personnelle.<\/div>\n<\/div>\n<\/div>\n<\/div>\n<\/div>\n<\/div>\n<\/div>\n<\/div>\n<\/div>\n<\/div>\n<\/div>\n<\/div>\n<\/div>\n<\/div>\n<\/div>\n<\/div>\n<\/div>\n<\/div>\n<\/div>\n<\/div>\n<\/div>\n<\/div>\n<\/div>\n<\/div>\n<\/div>\n<\/div>\n<\/div>\n<\/div>\n<\/div>\n<\/div>\n<\/div>\n<\/div>\n<\/div>\n<\/div>\n<\/div>\n<\/div>\n<\/div>\n<\/div>\n<\/div>\n<\/div>\n<\/div>\n<\/div>\n<\/div>\n<\/div>\n<\/div>\n<\/div>\n<\/div>\n<\/div>\n<\/div>\n<\/div>\n<\/div>\n<\/div>\n<\/div>\n<\/div>\n<\/div>\n<\/div>\n<\/div>\n<\/div>\n<\/div>\n<\/div>\n<\/div>\n<\/div>\n<\/div>\n<\/div>\n<\/div>\n<\/div>\n<\/div>\n<\/div>\n","protected":false},"excerpt":{"rendered":"<h3>Description<\/h3>\n<div class=\"product-description-container\">\n<div class=\"tab-content mtl-tab-content\">\n<div id=\"product-description\" class=\"tab-pane fade active show\" role=\"tabpanel\" aria-labelledby=\"product-description-tab\">\n<div class=\"product-description-container\">\n<div class=\"tab-content mtl-tab-content\">\n<div id=\"product-description\" class=\"tab-pane fade show active\" role=\"tabpanel\" aria-labelledby=\"product-description-tab\">\n<div class=\"product-description-container\">\n<div class=\"tab-content mtl-tab-content\">\n<div id=\"product-description\" class=\"tab-pane fade show active\" role=\"tabpanel\" aria-labelledby=\"product-description-tab\">\n<div class=\"product-description-container\">\n<div class=\"tab-content mtl-tab-content\">\n<div id=\"product-description\" class=\"tab-pane fade show active\" role=\"tabpanel\" aria-labelledby=\"product-description-tab\">\n<div class=\"product-description-container\">\n<div class=\"tab-content mtl-tab-content\">\n<div id=\"product-description\" class=\"tab-pane fade show active\" role=\"tabpanel\" aria-labelledby=\"product-description-tab\">\n<div class=\"product-description-container\">\n<div class=\"tab-content mtl-tab-content\">\n<div id=\"product-description\" class=\"tab-pane fade show active\" role=\"tabpanel\" aria-labelledby=\"product-description-tab\">\n<div class=\"product-description-container\">\n<div class=\"tab-content mtl-tab-content\">\n<div id=\"product-description\" class=\"tab-pane fade show active\" role=\"tabpanel\" aria-labelledby=\"product-description-tab\">\n<p>L\u2019envo\u00fbtante Fleur d\u2019Oranger, sublim\u00e9e par le Miel, l\u2019Ylang-Ylang, le Jasmin et le Patchouli de Sumatra, s\u2019ouvre sur un nuage d\u2019Epices auquel se m\u00ealent le Citron et la Mandarine de Sicile, et d\u00e9veloppe toute sa sensualit\u00e9 gr\u00e2ce au bois de C\u00e8dre, \u00e0 la Mousse de Ch\u00eane, aux gousses de Vanille et au Musc Blanc.<\/p>\n<\/div>\n<\/div>\n<\/div>\n<\/div>\n<\/div>\n<\/div>\n<\/div>\n<\/div>\n<\/div>\n<\/div>\n<\/div>\n<\/div>\n<\/div>\n<\/div>\n<\/div>\n<\/div>\n<\/div>\n<\/div>\n<\/div>\n<\/div>\n<\/div>\n","protected":false},"featured_media":4465,"comment_status":"closed","ping_status":"closed","template":"","meta":{"site-sidebar-layout":"no-sidebar","site-content-layout":"boxed-container","ast-global-header-display":"","ast-main-header-display":"","ast-hfb-above-header-display":"","ast-hfb-below-header-display":"","ast-hfb-mobile-header-display":"","site-post-title":"","ast-breadcrumbs-content":"","ast-featured-img":"","footer-sml-layout":"","theme-transparent-header-meta":"disabled","adv-header-id-meta":"","stick-header-meta":"","header-above-stick-meta":"","header-main-stick-meta":"","header-below-stick-meta":""},"product_brand":[],"product_cat":[64,58],"product_tag":[],"class_list":{"0":"post-4462","1":"product","2":"type-product","3":"status-publish","4":"has-post-thumbnail","6":"product_cat-fleurs","7":"product_cat-oud","8":"desktop-align-left","9":"tablet-align-left","10":"mobile-align-left","12":"first","13":"instock","14":"shipping-taxable","15":"purchasable","16":"product-type-variable"},"_links":{"self":[{"href":"https:\/\/montaleparfums.com.tn\/index.php\/wp-json\/wp\/v2\/product\/4462","targetHints":{"allow":["GET"]}}],"collection":[{"href":"https:\/\/montaleparfums.com.tn\/index.php\/wp-json\/wp\/v2\/product"}],"about":[{"href":"https:\/\/montaleparfums.com.tn\/index.php\/wp-json\/wp\/v2\/types\/product"}],"replies":[{"embeddable":true,"href":"https:\/\/montaleparfums.com.tn\/index.php\/wp-json\/wp\/v2\/comments?post=4462"}],"version-history":[{"count":2,"href":"https:\/\/montaleparfums.com.tn\/index.php\/wp-json\/wp\/v2\/product\/4462\/revisions"}],"predecessor-version":[{"id":4467,"href":"https:\/\/montaleparfums.com.tn\/index.php\/wp-json\/wp\/v2\/product\/4462\/revisions\/4467"}],"wp:featuredmedia":[{"embeddable":true,"href":"https:\/\/montaleparfums.com.tn\/index.php\/wp-json\/wp\/v2\/media\/4465"}],"wp:attachment":[{"href":"https:\/\/montaleparfums.com.tn\/index.php\/wp-json\/wp\/v2\/media?parent=4462"}],"wp:term":[{"taxonomy":"product_brand","embeddable":true,"href":"https:\/\/montaleparfums.com.tn\/index.php\/wp-json\/wp\/v2\/product_brand?post=4462"},{"taxonomy":"product_cat","embeddable":true,"href":"https:\/\/montaleparfums.com.tn\/index.php\/wp-json\/wp\/v2\/product_cat?post=4462"},{"taxonomy":"product_tag","embeddable":true,"href":"https:\/\/montaleparfums.com.tn\/index.php\/wp-json\/wp\/v2\/product_tag?post=4462"}],"curies":[{"name":"wp","href":"https:\/\/api.w.org\/{rel}","templated":true}]}}