{"id":4748,"date":"2025-12-01T12:06:09","date_gmt":"2025-12-01T11:06:09","guid":{"rendered":"https:\/\/montaleparfums.com.tn\/?post_type=product&#038;p=4748"},"modified":"2025-12-01T12:06:09","modified_gmt":"2025-12-01T11:06:09","slug":"white-musk-2","status":"publish","type":"product","link":"https:\/\/montaleparfums.com.tn\/index.php\/produit\/white-musk-2\/","title":{"rendered":"White Musk"},"content":{"rendered":"<p>Composition<\/p>\n<p>ALCOHOL DENAT \u2022 PARFUM \/ FRAGRANCE \u2022 AQUA \/ WATER \u2022 BENZYL SALICYLATE \u2022 ALPHA-ISOMETHYL IONONE \u2022 LINALOOL \u2022 ANISIC ALCOHOL \u2022 CINNAMYL ALCOHOL \u2022 COUMARIN \u2022 HEXYL CINNAMAL \u2022 CITRONELLOL \u2022 GERANIOL \u2022 BENZYL BENZOATE \u2022 HYDROXYCITRONELLAL \u2022 BENZYL ALCOHOL \u2022 EUGENOL \u2022 ISOEUGENOL \u2022 CITRAL<\/p>\n<p>Avertissement : les listes d&rsquo;ingr\u00e9dients entrant dans la composition des produits Montale Parfums Paris sont r\u00e9guli\u00e8rement mises \u00e0 jour. Avant d&rsquo;utiliser un produit Montale, veuillez lire la liste d&rsquo;ingr\u00e9dients situ\u00e9e sur son emballage afin de vous assurer que les ingr\u00e9dients sont adapt\u00e9s \u00e0 votre utilisation personnelle.<\/p>\n","protected":false},"excerpt":{"rendered":"<p>Description<\/p>\n<p>Une envol\u00e9e de Feuilles de Violette et d&rsquo;Ylang Ylang, puis la pure effluve du Musc Blanc.<br \/>\nL&rsquo;Orient raffin\u00e9 sur un fond de G\u00e9ranium Bourbon.<\/p>\n","protected":false},"featured_media":4533,"comment_status":"open","ping_status":"closed","template":"","meta":{"site-sidebar-layout":"default","site-content-layout":"default","ast-global-header-display":"","ast-main-header-display":"","ast-hfb-above-header-display":"","ast-hfb-below-header-display":"","ast-hfb-mobile-header-display":"","site-post-title":"","ast-breadcrumbs-content":"","ast-featured-img":"","footer-sml-layout":"","theme-transparent-header-meta":"default","adv-header-id-meta":"","stick-header-meta":"","header-above-stick-meta":"","header-main-stick-meta":"","header-below-stick-meta":""},"product_brand":[],"product_cat":[86,58],"product_tag":[],"class_list":{"0":"post-4748","1":"product","2":"type-product","3":"status-publish","4":"has-post-thumbnail","6":"product_cat-musk","7":"product_cat-oud","8":"desktop-align-left","9":"tablet-align-left","10":"mobile-align-left","12":"first","13":"instock","14":"shipping-taxable","15":"purchasable","16":"product-type-simple"},"_links":{"self":[{"href":"https:\/\/montaleparfums.com.tn\/index.php\/wp-json\/wp\/v2\/product\/4748","targetHints":{"allow":["GET"]}}],"collection":[{"href":"https:\/\/montaleparfums.com.tn\/index.php\/wp-json\/wp\/v2\/product"}],"about":[{"href":"https:\/\/montaleparfums.com.tn\/index.php\/wp-json\/wp\/v2\/types\/product"}],"replies":[{"embeddable":true,"href":"https:\/\/montaleparfums.com.tn\/index.php\/wp-json\/wp\/v2\/comments?post=4748"}],"version-history":[{"count":1,"href":"https:\/\/montaleparfums.com.tn\/index.php\/wp-json\/wp\/v2\/product\/4748\/revisions"}],"predecessor-version":[{"id":4749,"href":"https:\/\/montaleparfums.com.tn\/index.php\/wp-json\/wp\/v2\/product\/4748\/revisions\/4749"}],"wp:featuredmedia":[{"embeddable":true,"href":"https:\/\/montaleparfums.com.tn\/index.php\/wp-json\/wp\/v2\/media\/4533"}],"wp:attachment":[{"href":"https:\/\/montaleparfums.com.tn\/index.php\/wp-json\/wp\/v2\/media?parent=4748"}],"wp:term":[{"taxonomy":"product_brand","embeddable":true,"href":"https:\/\/montaleparfums.com.tn\/index.php\/wp-json\/wp\/v2\/product_brand?post=4748"},{"taxonomy":"product_cat","embeddable":true,"href":"https:\/\/montaleparfums.com.tn\/index.php\/wp-json\/wp\/v2\/product_cat?post=4748"},{"taxonomy":"product_tag","embeddable":true,"href":"https:\/\/montaleparfums.com.tn\/index.php\/wp-json\/wp\/v2\/product_tag?post=4748"}],"curies":[{"name":"wp","href":"https:\/\/api.w.org\/{rel}","templated":true}]}}